{"id":8360,"date":"2023-12-28T10:17:05","date_gmt":"2023-12-28T10:17:05","guid":{"rendered":"https:\/\/stssoftware.ch\/case-studies\/saas-entwicklung\/"},"modified":"2024-09-16T07:46:15","modified_gmt":"2024-09-16T07:46:15","slug":"saas-losungsentwicklung","status":"publish","type":"page","link":"https:\/\/stssoftware.ch\/de\/case-studies\/saas-losungsentwicklung\/","title":{"rendered":"SaaS-L\u00f6sungsentwicklung"},"content":{"rendered":"\t\t<div data-elementor-type=\"wp-page\" data-elementor-id=\"8360\" class=\"elementor elementor-8360 elementor-3793\" data-elementor-post-type=\"page\">\n\t\t\t\t\t\t<section class=\"elementor-section elementor-top-section elementor-element elementor-element-5d936ec8 elementor-section-full_width elementor-section-height-default elementor-section-height-default\" data-id=\"5d936ec8\" data-element_type=\"section\" data-e-type=\"section\">\n\t\t\t\t\t\t<div class=\"elementor-container elementor-column-gap-default\">\n\t\t\t\t\t<div class=\"elementor-column elementor-col-50 elementor-top-column elementor-element elementor-element-16c34c65\" data-id=\"16c34c65\" data-element_type=\"column\" data-e-type=\"column\">\n\t\t\t<div class=\"elementor-widget-wrap elementor-element-populated\">\n\t\t\t\t\t\t<div class=\"elementor-element elementor-element-50cc5b72 elementor-widget elementor-widget-heading\" data-id=\"50cc5b72\" data-element_type=\"widget\" data-e-type=\"widget\" data-widget_type=\"heading.default\">\n\t\t\t\t<div class=\"elementor-widget-container\">\n\t\t\t\t\t<h2 class=\"elementor-heading-title elementor-size-default\">SaaS-L\u00f6sungsentwicklung<\/h2>\t\t\t\t<\/div>\n\t\t\t\t<\/div>\n\t\t\t\t<div class=\"elementor-element elementor-element-6ef1888c elementor-widget elementor-widget-text-editor\" data-id=\"6ef1888c\" data-element_type=\"widget\" data-e-type=\"widget\" data-widget_type=\"text-editor.default\">\n\t\t\t\t<div class=\"elementor-widget-container\">\n\t\t\t\t\t\t\t\t\t<p>Entdecken Sie, wie die STS Software GmbH skalierbare, cloudbasierte <a href=\"https:\/\/stssoftware.ch\/services\/saas-development\/\">SaaS-L\u00f6sungen entwickelt<\/a> hat, die Unternehmen einen au\u00dfergew\u00f6hnlichen Mehrwert bieten. Lesen Sie unsere Fallstudien, um zu sehen, wie wir innovative Software-as-a-Service-Plattformen entwickelt haben, die Abl\u00e4ufe rationalisieren, die Effizienz verbessern und das Wachstum f\u00f6rdern. Erfahren Sie, wie unsere SaaS-Expertise es Unternehmen erm\u00f6glicht hat, auf leistungsstarke Tools und Services zuzugreifen, ohne dass sie eine umfangreiche IT-Infrastruktur in der Schweiz und in Deutschland ben\u00f6tigen.  <\/p>\n\t\t\t\t\t\t\t\t<\/div>\n\t\t\t\t<\/div>\n\t\t\t\t\t<\/div>\n\t\t<\/div>\n\t\t\t\t<div class=\"elementor-column elementor-col-50 elementor-top-column elementor-element elementor-element-45b6c04b\" data-id=\"45b6c04b\" data-element_type=\"column\" data-e-type=\"column\">\n\t\t\t<div class=\"elementor-widget-wrap elementor-element-populated\">\n\t\t\t\t\t\t<div class=\"elementor-element elementor-element-34b70d67 elementor-widget__width-initial elementor-widget elementor-widget-image\" data-id=\"34b70d67\" data-element_type=\"widget\" data-e-type=\"widget\" data-widget_type=\"image.default\">\n\t\t\t\t<div class=\"elementor-widget-container\">\n\t\t\t\t\t\t\t\t\t\t\t\t\t\t\t<img fetchpriority=\"high\" decoding=\"async\" width=\"500\" height=\"503\" src=\"https:\/\/stssoftware.ch\/wp-content\/uploads\/2022\/10\/Image.png\" class=\"attachment-large size-large wp-image-2792\" alt=\"image\" srcset=\"https:\/\/stssoftware.ch\/wp-content\/uploads\/2022\/10\/Image.png 500w, https:\/\/stssoftware.ch\/wp-content\/uploads\/2022\/10\/Image-298x300.png 298w, https:\/\/stssoftware.ch\/wp-content\/uploads\/2022\/10\/Image-150x150.png 150w, https:\/\/stssoftware.ch\/wp-content\/uploads\/2022\/10\/Image-24x24.png 24w, https:\/\/stssoftware.ch\/wp-content\/uploads\/2022\/10\/Image-36x36.png 36w, https:\/\/stssoftware.ch\/wp-content\/uploads\/2022\/10\/Image-48x48.png 48w\" sizes=\"(max-width: 500px) 100vw, 500px\" \/>\t\t\t\t\t\t\t\t\t\t\t\t\t\t\t<\/div>\n\t\t\t\t<\/div>\n\t\t\t\t\t<\/div>\n\t\t<\/div>\n\t\t\t\t\t<\/div>\n\t\t<\/section>\n\t\t<div class=\"elementor-element elementor-element-20fe94ae e-flex e-con-boxed e-con e-parent\" data-id=\"20fe94ae\" data-element_type=\"container\" data-e-type=\"container\">\n\t\t\t\t\t<div class=\"e-con-inner\">\n\t\t\t\t<div class=\"elementor-element elementor-element-29f261d6 elementor-widget elementor-widget-html\" data-id=\"29f261d6\" data-element_type=\"widget\" data-e-type=\"widget\" data-widget_type=\"html.default\">\n\t\t\t\t<div class=\"elementor-widget-container\">\n\t\t\t\t\t<div class=\"cases\">\n                                    <div class=\"case-item\">\n                                        <a href=\"https:\/\/stssoftware.ch\/de\/case-studies\/\"> Alle <\/a>\n                                    <\/div>\n\n                                    <div class=\"case-item\">\n                                        <a href=\"https:\/\/stssoftware.ch\/de\/case-studies\/web-app-entwicklung\/\"> Web-App-Entwicklung <\/a>\n                                    <\/div>\n                                    <div class=\"case-item\">\n                                        <a href=\"https:\/\/stssoftware.ch\/de\/case-studies\/mobile-app-entwicklung\/\"> Mobile App-Entwicklung <\/a>\n                                    <\/div>\n                                    <div class=\"case-item\">\n                                        <a href=\"https:\/\/stssoftware.ch\/de\/case-studies\/offshore-softwareentwicklung\/\"> Offshore-Softwareentwicklung <\/a>\n                                    <\/div>\n                                    <div class=\"case-item\">\n                                        <a href=\"https:\/\/stssoftware.ch\/de\/case-studies\/ui-ux-design\/\"> UI\/UX Design <\/a>\n                                    <\/div>\n                                    <div class=\"case-item\">\n                                        <a href=\"https:\/\/stssoftware.ch\/de\/case-studies\/ki-und-ml\/\"> KI und ML <\/a>\n                                    <\/div>\n                                    <div class=\"case-item\" id=\"active\">\n                                        <a href=\"https:\/\/stssoftware.ch\/de\/case-studies\/saas-entwicklung\/\"> SaaS-L\u00f6sungsentwicklung <\/a>\n                                    <\/div>\n<\/div>\t\t\t\t<\/div>\n\t\t\t\t<\/div>\n\t\t\t\t\t<\/div>\n\t\t\t\t<\/div>\n\t\t<div class=\"elementor-element elementor-element-6ea18150 e-flex e-con-boxed e-con e-parent\" data-id=\"6ea18150\" data-element_type=\"container\" data-e-type=\"container\">\n\t\t\t\t\t<div class=\"e-con-inner\">\n\t\t\t\t<div class=\"elementor-element elementor-element-47a79a6f elementor-grid-1 elementor-widget__width-inherit elementor-posts--thumbnail-top elementor-grid-tablet-2 elementor-grid-mobile-1 elementor-widget elementor-widget-posts\" data-id=\"47a79a6f\" data-element_type=\"widget\" data-e-type=\"widget\" data-settings=\"{&quot;custom_columns&quot;:&quot;1&quot;,&quot;custom_columns_tablet&quot;:&quot;2&quot;,&quot;custom_columns_mobile&quot;:&quot;1&quot;,&quot;custom_row_gap&quot;:{&quot;unit&quot;:&quot;px&quot;,&quot;size&quot;:35,&quot;sizes&quot;:[]},&quot;custom_row_gap_tablet&quot;:{&quot;unit&quot;:&quot;px&quot;,&quot;size&quot;:&quot;&quot;,&quot;sizes&quot;:[]},&quot;custom_row_gap_mobile&quot;:{&quot;unit&quot;:&quot;px&quot;,&quot;size&quot;:&quot;&quot;,&quot;sizes&quot;:[]}}\" data-widget_type=\"posts.custom\">\n\t\t\t\t<div class=\"elementor-widget-container\">\n\t\t\t\t\t      <div class=\"ecs-posts elementor-posts-container elementor-posts   elementor-grid elementor-posts--skin-custom\" data-settings=\"{&quot;current_page&quot;:1,&quot;max_num_pages&quot;:0,&quot;load_method&quot;:&quot;&quot;,&quot;widget_id&quot;:&quot;47a79a6f&quot;,&quot;post_id&quot;:8360,&quot;theme_id&quot;:8360,&quot;change_url&quot;:false,&quot;reinit_js&quot;:false}\">\n      <div class=\"elementor-posts-nothing-found\"><\/div>\t\t<\/div>\n\t\t\t\t\t\t<\/div>\n\t\t\t\t<\/div>\n\t\t\t\t\t<\/div>\n\t\t\t\t<\/div>\n\t\t\t\t<section class=\"elementor-section elementor-top-section elementor-element elementor-element-593e2142 elementor-section-boxed elementor-section-height-default elementor-section-height-default\" data-id=\"593e2142\" data-element_type=\"section\" data-e-type=\"section\">\n\t\t\t\t\t\t<div class=\"elementor-container elementor-column-gap-default\">\n\t\t\t\t\t<div class=\"elementor-column elementor-col-100 elementor-top-column elementor-element elementor-element-20b37b52\" data-id=\"20b37b52\" data-element_type=\"column\" data-e-type=\"column\">\n\t\t\t<div class=\"elementor-widget-wrap elementor-element-populated\">\n\t\t\t\t\t\t<div class=\"elementor-element elementor-element-1948de08 elementor-widget elementor-widget-shortcode\" data-id=\"1948de08\" data-element_type=\"widget\" data-e-type=\"widget\" data-widget_type=\"shortcode.default\">\n\t\t\t\t<div class=\"elementor-widget-container\">\n\t\t\t\t\t\t\t<div class=\"elementor-shortcode\">\t\t<div data-elementor-type=\"page\" data-elementor-id=\"4795\" class=\"elementor elementor-4795 elementor-632 elementor-632\" data-elementor-post-type=\"elementor_library\">\n\t\t\t\t\t\t<section class=\"elementor-section elementor-top-section elementor-element elementor-element-45ba9f0 elementor-section-content-middle elementor-section-boxed elementor-section-height-default elementor-section-height-default\" data-id=\"45ba9f0\" data-element_type=\"section\" data-e-type=\"section\">\n\t\t\t\t\t\t<div class=\"elementor-container elementor-column-gap-no\">\n\t\t\t\t\t<div class=\"elementor-column elementor-col-50 elementor-top-column elementor-element elementor-element-6fa2a1d\" data-id=\"6fa2a1d\" data-element_type=\"column\" data-e-type=\"column\" data-settings=\"{&quot;background_background&quot;:&quot;classic&quot;}\">\n\t\t\t<div class=\"elementor-widget-wrap elementor-element-populated\">\n\t\t\t\t\t\t<div class=\"elementor-element elementor-element-d294538 elementor-widget elementor-widget-heading\" data-id=\"d294538\" data-element_type=\"widget\" data-e-type=\"widget\" data-widget_type=\"heading.default\">\n\t\t\t\t<div class=\"elementor-widget-container\">\n\t\t\t\t\t<h2 class=\"elementor-heading-title elementor-size-default\">Lassen Sie uns reden<\/h2>\t\t\t\t<\/div>\n\t\t\t\t<\/div>\n\t\t\t\t<div class=\"elementor-element elementor-element-e50a103 elementor-widget elementor-widget-text-editor\" data-id=\"e50a103\" data-element_type=\"widget\" data-e-type=\"widget\" data-widget_type=\"text-editor.default\">\n\t\t\t\t<div class=\"elementor-widget-container\">\n\t\t\t\t\t\t\t\t\t<p>Beginnen Sie die Konversation mit unseren Analysten und Entwicklern. Zusammen erheben wir die Bed\u00fcrfnisse und skizzieren die neue L\u00f6sung<\/p>\n\t\t\t\t\t\t\t\t<\/div>\n\t\t\t\t<\/div>\n\t\t\t\t<div class=\"elementor-element elementor-element-c670f53 elementor-widget elementor-widget-button\" data-id=\"c670f53\" data-element_type=\"widget\" data-e-type=\"widget\" data-widget_type=\"button.default\">\n\t\t\t\t<div class=\"elementor-widget-container\">\n\t\t\t\t\t\t\t\t\t<div class=\"elementor-button-wrapper\">\n\t\t\t\t\t<a class=\"elementor-button elementor-button-link elementor-size-sm\" href=\"https:\/\/stssoftware.ch\/contact\/\">\n\t\t\t\t\t\t<span class=\"elementor-button-content-wrapper\">\n\t\t\t\t\t\t\t\t\t<span class=\"elementor-button-text\">Nehmen Sie Kontakt mit unseren Experten auf<\/span>\n\t\t\t\t\t<\/span>\n\t\t\t\t\t<\/a>\n\t\t\t\t<\/div>\n\t\t\t\t\t\t\t\t<\/div>\n\t\t\t\t<\/div>\n\t\t\t\t\t<\/div>\n\t\t<\/div>\n\t\t\t\t<div class=\"elementor-column elementor-col-50 elementor-top-column elementor-element elementor-element-2f29920 img-let-talk\" data-id=\"2f29920\" data-element_type=\"column\" data-e-type=\"column\" data-settings=\"{&quot;background_background&quot;:&quot;classic&quot;}\">\n\t\t\t<div class=\"elementor-widget-wrap\">\n\t\t\t\t\t\t\t<\/div>\n\t\t<\/div>\n\t\t\t\t\t<\/div>\n\t\t<\/section>\n\t\t\t\t<\/div>\n\t\t<\/div>\n\t\t\t\t\t\t<\/div>\n\t\t\t\t<\/div>\n\t\t\t\t\t<\/div>\n\t\t<\/div>\n\t\t\t\t\t<\/div>\n\t\t<\/section>\n\t\t\t\t<\/div>\n\t\t","protected":false},"excerpt":{"rendered":"<p>SaaS-L\u00f6sungsentwicklung Entdecken Sie, wie die STS Software GmbH skalierbare, cloudbasierte SaaS-L\u00f6sungen entwickelt hat, die Unternehmen einen au\u00dfergew\u00f6hnlichen Mehrwert bieten. Lesen Sie unsere Fallstudien, um zu sehen, wie wir innovative Software-as-a-Service-Plattformen entwickelt haben, die Abl\u00e4ufe rationalisieren, die Effizienz verbessern und das Wachstum f\u00f6rdern. Erfahren Sie, wie unsere SaaS-Expertise es Unternehmen erm\u00f6glicht hat, auf leistungsstarke Tools und [&hellip;]<\/p>\n","protected":false},"author":3,"featured_media":0,"parent":7068,"menu_order":0,"comment_status":"closed","ping_status":"closed","template":"","meta":{"inline_featured_image":false,"footnotes":""},"class_list":["post-8360","page","type-page","status-publish","hentry"],"yoast_head":"<!-- This site is optimized with the Yoast SEO plugin v27.3 - https:\/\/yoast.com\/product\/yoast-seo-wordpress\/ -->\n<title>SaaS-L\u00f6sungsentwicklung - STS Software GmbH<\/title>\n<meta name=\"robots\" content=\"index, follow, max-snippet:-1, max-image-preview:large, max-video-preview:-1\" \/>\n<link rel=\"canonical\" href=\"https:\/\/stssoftware.ch\/de\/case-studies\/saas-losungsentwicklung\/\" \/>\n<meta property=\"og:locale\" content=\"de_DE\" \/>\n<meta property=\"og:type\" content=\"article\" \/>\n<meta property=\"og:title\" content=\"SaaS-L\u00f6sungsentwicklung - STS Software GmbH\" \/>\n<meta property=\"og:description\" content=\"SaaS-L\u00f6sungsentwicklung Entdecken Sie, wie die STS Software GmbH skalierbare, cloudbasierte SaaS-L\u00f6sungen entwickelt hat, die Unternehmen einen au\u00dfergew\u00f6hnlichen Mehrwert bieten. Lesen Sie unsere Fallstudien, um zu sehen, wie wir innovative Software-as-a-Service-Plattformen entwickelt haben, die Abl\u00e4ufe rationalisieren, die Effizienz verbessern und das Wachstum f\u00f6rdern. Erfahren Sie, wie unsere SaaS-Expertise es Unternehmen erm\u00f6glicht hat, auf leistungsstarke Tools und [&hellip;]\" \/>\n<meta property=\"og:url\" content=\"https:\/\/stssoftware.ch\/de\/case-studies\/saas-losungsentwicklung\/\" \/>\n<meta property=\"og:site_name\" content=\"STS Software GmbH\" \/>\n<meta property=\"article:modified_time\" content=\"2024-09-16T07:46:15+00:00\" \/>\n<meta property=\"og:image\" content=\"http:\/\/stssoftware.ch\/wp-content\/uploads\/2022\/10\/Image.png\" \/>\n<meta name=\"twitter:card\" content=\"summary_large_image\" \/>\n<meta name=\"twitter:label1\" content=\"Est. reading time\" \/>\n\t<meta name=\"twitter:data1\" content=\"1 Minute\" \/>\n<script type=\"application\/ld+json\" class=\"yoast-schema-graph\">{\"@context\":\"https:\\\/\\\/schema.org\",\"@graph\":[{\"@type\":\"WebPage\",\"@id\":\"https:\\\/\\\/stssoftware.ch\\\/de\\\/case-studies\\\/saas-losungsentwicklung\\\/\",\"url\":\"https:\\\/\\\/stssoftware.ch\\\/de\\\/case-studies\\\/saas-losungsentwicklung\\\/\",\"name\":\"SaaS-L\u00f6sungsentwicklung - STS Software GmbH\",\"isPartOf\":{\"@id\":\"https:\\\/\\\/stssoftware.ch\\\/#website\"},\"primaryImageOfPage\":{\"@id\":\"https:\\\/\\\/stssoftware.ch\\\/de\\\/case-studies\\\/saas-losungsentwicklung\\\/#primaryimage\"},\"image\":{\"@id\":\"https:\\\/\\\/stssoftware.ch\\\/de\\\/case-studies\\\/saas-losungsentwicklung\\\/#primaryimage\"},\"thumbnailUrl\":\"http:\\\/\\\/stssoftware.ch\\\/wp-content\\\/uploads\\\/2022\\\/10\\\/Image.png\",\"datePublished\":\"2023-12-28T10:17:05+00:00\",\"dateModified\":\"2024-09-16T07:46:15+00:00\",\"breadcrumb\":{\"@id\":\"https:\\\/\\\/stssoftware.ch\\\/de\\\/case-studies\\\/saas-losungsentwicklung\\\/#breadcrumb\"},\"inLanguage\":\"de-DE\",\"potentialAction\":[{\"@type\":\"ReadAction\",\"target\":[\"https:\\\/\\\/stssoftware.ch\\\/de\\\/case-studies\\\/saas-losungsentwicklung\\\/\"]}]},{\"@type\":\"ImageObject\",\"inLanguage\":\"de-DE\",\"@id\":\"https:\\\/\\\/stssoftware.ch\\\/de\\\/case-studies\\\/saas-losungsentwicklung\\\/#primaryimage\",\"url\":\"http:\\\/\\\/stssoftware.ch\\\/wp-content\\\/uploads\\\/2022\\\/10\\\/Image.png\",\"contentUrl\":\"http:\\\/\\\/stssoftware.ch\\\/wp-content\\\/uploads\\\/2022\\\/10\\\/Image.png\"},{\"@type\":\"BreadcrumbList\",\"@id\":\"https:\\\/\\\/stssoftware.ch\\\/de\\\/case-studies\\\/saas-losungsentwicklung\\\/#breadcrumb\",\"itemListElement\":[{\"@type\":\"ListItem\",\"position\":1,\"name\":\"Home\",\"item\":\"https:\\\/\\\/stssoftware.ch\\\/de\\\/\"},{\"@type\":\"ListItem\",\"position\":2,\"name\":\"Case Studies\",\"item\":\"https:\\\/\\\/stssoftware.ch\\\/de\\\/case-studies\\\/\"},{\"@type\":\"ListItem\",\"position\":3,\"name\":\"SaaS-L\u00f6sungsentwicklung\"}]},{\"@type\":\"WebSite\",\"@id\":\"https:\\\/\\\/stssoftware.ch\\\/#website\",\"url\":\"https:\\\/\\\/stssoftware.ch\\\/\",\"name\":\"STS Software GmbH\",\"description\":\"Innovative Software Development Company in Switzerland - STS Software GmbH\",\"publisher\":{\"@id\":\"https:\\\/\\\/stssoftware.ch\\\/#organization\"},\"potentialAction\":[{\"@type\":\"SearchAction\",\"target\":{\"@type\":\"EntryPoint\",\"urlTemplate\":\"https:\\\/\\\/stssoftware.ch\\\/?s={search_term_string}\"},\"query-input\":{\"@type\":\"PropertyValueSpecification\",\"valueRequired\":true,\"valueName\":\"search_term_string\"}}],\"inLanguage\":\"de-DE\"},{\"@type\":\"Organization\",\"@id\":\"https:\\\/\\\/stssoftware.ch\\\/#organization\",\"name\":\"STS Software GmbH\",\"url\":\"https:\\\/\\\/stssoftware.ch\\\/\",\"logo\":{\"@type\":\"ImageObject\",\"inLanguage\":\"de-DE\",\"@id\":\"https:\\\/\\\/stssoftware.ch\\\/#\\\/schema\\\/logo\\\/image\\\/\",\"url\":\"https:\\\/\\\/stssoftware.ch\\\/wp-content\\\/uploads\\\/2022\\\/06\\\/Logo_software_Gmbh.svg\",\"contentUrl\":\"https:\\\/\\\/stssoftware.ch\\\/wp-content\\\/uploads\\\/2022\\\/06\\\/Logo_software_Gmbh.svg\",\"width\":167,\"height\":50,\"caption\":\"STS Software GmbH\"},\"image\":{\"@id\":\"https:\\\/\\\/stssoftware.ch\\\/#\\\/schema\\\/logo\\\/image\\\/\"}}]}<\/script>\n<!-- \/ Yoast SEO plugin. -->","yoast_head_json":{"title":"SaaS-L\u00f6sungsentwicklung - STS Software GmbH","robots":{"index":"index","follow":"follow","max-snippet":"max-snippet:-1","max-image-preview":"max-image-preview:large","max-video-preview":"max-video-preview:-1"},"canonical":"https:\/\/stssoftware.ch\/de\/case-studies\/saas-losungsentwicklung\/","og_locale":"de_DE","og_type":"article","og_title":"SaaS-L\u00f6sungsentwicklung - STS Software GmbH","og_description":"SaaS-L\u00f6sungsentwicklung Entdecken Sie, wie die STS Software GmbH skalierbare, cloudbasierte SaaS-L\u00f6sungen entwickelt hat, die Unternehmen einen au\u00dfergew\u00f6hnlichen Mehrwert bieten. Lesen Sie unsere Fallstudien, um zu sehen, wie wir innovative Software-as-a-Service-Plattformen entwickelt haben, die Abl\u00e4ufe rationalisieren, die Effizienz verbessern und das Wachstum f\u00f6rdern. Erfahren Sie, wie unsere SaaS-Expertise es Unternehmen erm\u00f6glicht hat, auf leistungsstarke Tools und [&hellip;]","og_url":"https:\/\/stssoftware.ch\/de\/case-studies\/saas-losungsentwicklung\/","og_site_name":"STS Software GmbH","article_modified_time":"2024-09-16T07:46:15+00:00","og_image":[{"url":"http:\/\/stssoftware.ch\/wp-content\/uploads\/2022\/10\/Image.png","type":"","width":"","height":""}],"twitter_card":"summary_large_image","twitter_misc":{"Est. reading time":"1 Minute"},"schema":{"@context":"https:\/\/schema.org","@graph":[{"@type":"WebPage","@id":"https:\/\/stssoftware.ch\/de\/case-studies\/saas-losungsentwicklung\/","url":"https:\/\/stssoftware.ch\/de\/case-studies\/saas-losungsentwicklung\/","name":"SaaS-L\u00f6sungsentwicklung - STS Software GmbH","isPartOf":{"@id":"https:\/\/stssoftware.ch\/#website"},"primaryImageOfPage":{"@id":"https:\/\/stssoftware.ch\/de\/case-studies\/saas-losungsentwicklung\/#primaryimage"},"image":{"@id":"https:\/\/stssoftware.ch\/de\/case-studies\/saas-losungsentwicklung\/#primaryimage"},"thumbnailUrl":"http:\/\/stssoftware.ch\/wp-content\/uploads\/2022\/10\/Image.png","datePublished":"2023-12-28T10:17:05+00:00","dateModified":"2024-09-16T07:46:15+00:00","breadcrumb":{"@id":"https:\/\/stssoftware.ch\/de\/case-studies\/saas-losungsentwicklung\/#breadcrumb"},"inLanguage":"de-DE","potentialAction":[{"@type":"ReadAction","target":["https:\/\/stssoftware.ch\/de\/case-studies\/saas-losungsentwicklung\/"]}]},{"@type":"ImageObject","inLanguage":"de-DE","@id":"https:\/\/stssoftware.ch\/de\/case-studies\/saas-losungsentwicklung\/#primaryimage","url":"http:\/\/stssoftware.ch\/wp-content\/uploads\/2022\/10\/Image.png","contentUrl":"http:\/\/stssoftware.ch\/wp-content\/uploads\/2022\/10\/Image.png"},{"@type":"BreadcrumbList","@id":"https:\/\/stssoftware.ch\/de\/case-studies\/saas-losungsentwicklung\/#breadcrumb","itemListElement":[{"@type":"ListItem","position":1,"name":"Home","item":"https:\/\/stssoftware.ch\/de\/"},{"@type":"ListItem","position":2,"name":"Case Studies","item":"https:\/\/stssoftware.ch\/de\/case-studies\/"},{"@type":"ListItem","position":3,"name":"SaaS-L\u00f6sungsentwicklung"}]},{"@type":"WebSite","@id":"https:\/\/stssoftware.ch\/#website","url":"https:\/\/stssoftware.ch\/","name":"STS Software GmbH","description":"Innovative Software Development Company in Switzerland - STS Software GmbH","publisher":{"@id":"https:\/\/stssoftware.ch\/#organization"},"potentialAction":[{"@type":"SearchAction","target":{"@type":"EntryPoint","urlTemplate":"https:\/\/stssoftware.ch\/?s={search_term_string}"},"query-input":{"@type":"PropertyValueSpecification","valueRequired":true,"valueName":"search_term_string"}}],"inLanguage":"de-DE"},{"@type":"Organization","@id":"https:\/\/stssoftware.ch\/#organization","name":"STS Software GmbH","url":"https:\/\/stssoftware.ch\/","logo":{"@type":"ImageObject","inLanguage":"de-DE","@id":"https:\/\/stssoftware.ch\/#\/schema\/logo\/image\/","url":"https:\/\/stssoftware.ch\/wp-content\/uploads\/2022\/06\/Logo_software_Gmbh.svg","contentUrl":"https:\/\/stssoftware.ch\/wp-content\/uploads\/2022\/06\/Logo_software_Gmbh.svg","width":167,"height":50,"caption":"STS Software GmbH"},"image":{"@id":"https:\/\/stssoftware.ch\/#\/schema\/logo\/image\/"}}]}},"_links":{"self":[{"href":"https:\/\/stssoftware.ch\/de\/wp-json\/wp\/v2\/pages\/8360","targetHints":{"allow":["GET"]}}],"collection":[{"href":"https:\/\/stssoftware.ch\/de\/wp-json\/wp\/v2\/pages"}],"about":[{"href":"https:\/\/stssoftware.ch\/de\/wp-json\/wp\/v2\/types\/page"}],"author":[{"embeddable":true,"href":"https:\/\/stssoftware.ch\/de\/wp-json\/wp\/v2\/users\/3"}],"replies":[{"embeddable":true,"href":"https:\/\/stssoftware.ch\/de\/wp-json\/wp\/v2\/comments?post=8360"}],"version-history":[{"count":6,"href":"https:\/\/stssoftware.ch\/de\/wp-json\/wp\/v2\/pages\/8360\/revisions"}],"predecessor-version":[{"id":8593,"href":"https:\/\/stssoftware.ch\/de\/wp-json\/wp\/v2\/pages\/8360\/revisions\/8593"}],"up":[{"embeddable":true,"href":"https:\/\/stssoftware.ch\/de\/wp-json\/wp\/v2\/pages\/7068"}],"wp:attachment":[{"href":"https:\/\/stssoftware.ch\/de\/wp-json\/wp\/v2\/media?parent=8360"}],"curies":[{"name":"wp","href":"https:\/\/api.w.org\/{rel}","templated":true}]}}