{"id":8356,"date":"2022-07-25T09:53:21","date_gmt":"2022-07-25T09:53:21","guid":{"rendered":"https:\/\/stssoftware.ch\/case-studies\/offshore-softwareentwicklung\/"},"modified":"2024-09-11T02:38:02","modified_gmt":"2024-09-11T02:38:02","slug":"offshore-softwareentwicklung","status":"publish","type":"page","link":"https:\/\/stssoftware.ch\/de\/case-studies\/offshore-softwareentwicklung\/","title":{"rendered":"Offshore-Softwareentwicklung"},"content":{"rendered":"\t\t<div data-elementor-type=\"wp-page\" data-elementor-id=\"8356\" class=\"elementor elementor-8356 elementor-1123\" data-elementor-post-type=\"page\">\n\t\t\t\t\t\t<section class=\"elementor-section elementor-top-section elementor-element elementor-element-7656b34f elementor-section-full_width elementor-section-height-default elementor-section-height-default\" data-id=\"7656b34f\" data-element_type=\"section\" data-e-type=\"section\">\n\t\t\t\t\t\t<div class=\"elementor-container elementor-column-gap-default\">\n\t\t\t\t\t<div class=\"elementor-column elementor-col-50 elementor-top-column elementor-element elementor-element-4085fd53\" data-id=\"4085fd53\" data-element_type=\"column\" data-e-type=\"column\">\n\t\t\t<div class=\"elementor-widget-wrap elementor-element-populated\">\n\t\t\t\t\t\t<div class=\"elementor-element elementor-element-4b987b61 elementor-widget elementor-widget-heading\" data-id=\"4b987b61\" data-element_type=\"widget\" data-e-type=\"widget\" data-widget_type=\"heading.default\">\n\t\t\t\t<div class=\"elementor-widget-container\">\n\t\t\t\t\t<h2 class=\"elementor-heading-title elementor-size-default\">Offshore-Softwareentwicklung<\/h2>\t\t\t\t<\/div>\n\t\t\t\t<\/div>\n\t\t\t\t<div class=\"elementor-element elementor-element-381161ea elementor-widget elementor-widget-text-editor\" data-id=\"381161ea\" data-element_type=\"widget\" data-e-type=\"widget\" data-widget_type=\"text-editor.default\">\n\t\t\t\t<div class=\"elementor-widget-container\">\n\t\t\t\t\t\t\t\t\t<p>Erleben Sie die Kraft der globalen Zusammenarbeit mit den Offshore-Softwareentwicklungsdiensten der STS Software GmbH. Unsere Fallstudien zeigen, wie wir erfolgreich hochwertige, kosteneffiziente L\u00f6sungen f\u00fcr Kunden weltweit geliefert haben. Entdecken Sie, wie unsere Agentur f\u00fcr <a href=\"https:\/\/stssoftware.ch\/services\/offshore-software-development\/\">Offshore-Softwareentwicklung<\/a> Prozesse gestrafft, die Entwicklung beschleunigt und au\u00dfergew\u00f6hnliche Ergebnisse geliefert hat &#8211; und das alles bei nahtloser Kommunikation und Projektmanagement.  <\/p>\n\t\t\t\t\t\t\t\t<\/div>\n\t\t\t\t<\/div>\n\t\t\t\t\t<\/div>\n\t\t<\/div>\n\t\t\t\t<div class=\"elementor-column elementor-col-50 elementor-top-column elementor-element elementor-element-23f68ca3\" data-id=\"23f68ca3\" data-element_type=\"column\" data-e-type=\"column\">\n\t\t\t<div class=\"elementor-widget-wrap elementor-element-populated\">\n\t\t\t\t\t\t<div class=\"elementor-element elementor-element-684ca6ed elementor-widget__width-initial elementor-widget elementor-widget-image\" data-id=\"684ca6ed\" data-element_type=\"widget\" data-e-type=\"widget\" data-widget_type=\"image.default\">\n\t\t\t\t<div class=\"elementor-widget-container\">\n\t\t\t\t\t\t\t\t\t\t\t\t\t\t\t<img fetchpriority=\"high\" decoding=\"async\" width=\"500\" height=\"503\" src=\"https:\/\/stssoftware.ch\/wp-content\/uploads\/2022\/10\/Image.png\" class=\"attachment-large size-large wp-image-2792\" alt=\"image\" srcset=\"https:\/\/stssoftware.ch\/wp-content\/uploads\/2022\/10\/Image.png 500w, https:\/\/stssoftware.ch\/wp-content\/uploads\/2022\/10\/Image-298x300.png 298w, https:\/\/stssoftware.ch\/wp-content\/uploads\/2022\/10\/Image-150x150.png 150w, https:\/\/stssoftware.ch\/wp-content\/uploads\/2022\/10\/Image-24x24.png 24w, https:\/\/stssoftware.ch\/wp-content\/uploads\/2022\/10\/Image-36x36.png 36w, https:\/\/stssoftware.ch\/wp-content\/uploads\/2022\/10\/Image-48x48.png 48w\" sizes=\"(max-width: 500px) 100vw, 500px\" \/>\t\t\t\t\t\t\t\t\t\t\t\t\t\t\t<\/div>\n\t\t\t\t<\/div>\n\t\t\t\t\t<\/div>\n\t\t<\/div>\n\t\t\t\t\t<\/div>\n\t\t<\/section>\n\t\t<div class=\"elementor-element elementor-element-168d54eb e-flex e-con-boxed e-con e-parent\" data-id=\"168d54eb\" data-element_type=\"container\" data-e-type=\"container\">\n\t\t\t\t\t<div class=\"e-con-inner\">\n\t\t\t\t<div class=\"elementor-element elementor-element-3a932d96 elementor-widget elementor-widget-html\" data-id=\"3a932d96\" data-element_type=\"widget\" data-e-type=\"widget\" data-widget_type=\"html.default\">\n\t\t\t\t<div class=\"elementor-widget-container\">\n\t\t\t\t\t<div class=\"cases\">\n                                    <div class=\"case-item\">\n                                        <a href=\"\/de\/case-studies\/\"> Alle <\/a>\n                                    <\/div>\n\n                                    <div class=\"case-item\">\n                                        <a href=\"\/de\/case-studies\/web-app-entwicklung\/\"> Web-App-Entwicklung <\/a>\n                                    <\/div>\n                                    <div class=\"case-item\">\n                                        <a href=\"\/de\/case-studies\/mobile-app-entwicklung\/\"> Mobile App-Entwicklung <\/a>\n                                    <\/div>\n                                    <div class=\"case-item\" id=\"active\">\n                                        <a href=\"\/de\/case-studies\/offshore-softwareentwicklung\/\"> Offshore-Softwareentwicklung <\/a>\n                                    <\/div>\n                                    <div class=\"case-item\">\n                                        <a href=\"\/de\/case-studies\/ui-ux-design\/\"> UI\/UX Design <\/a>\n                                    <\/div>\n                                    <div class=\"case-item\">\n                                        <a href=\"\/de\/case-studies\/ki-und-ml\/\"> KI und ML <\/a>\n                                    <\/div>\n                                    <div class=\"case-item\">\n                                        <a href=\"\/de\/case-studies\/saas-losungsentwicklung\/\"> SaaS-L\u00f6sungsentwicklung <\/a>\n                                    <\/div>\n<\/div>\t\t\t\t<\/div>\n\t\t\t\t<\/div>\n\t\t\t\t\t<\/div>\n\t\t\t\t<\/div>\n\t\t<div class=\"elementor-element elementor-element-497f46ed e-flex e-con-boxed e-con e-parent\" data-id=\"497f46ed\" data-element_type=\"container\" data-e-type=\"container\">\n\t\t\t\t\t<div class=\"e-con-inner\">\n\t\t\t\t<div class=\"elementor-element elementor-element-6b8b3057 elementor-grid-1 elementor-widget__width-inherit elementor-posts--thumbnail-top elementor-grid-tablet-2 elementor-grid-mobile-1 elementor-widget elementor-widget-posts\" data-id=\"6b8b3057\" data-element_type=\"widget\" data-e-type=\"widget\" data-settings=\"{&quot;custom_columns&quot;:&quot;1&quot;,&quot;custom_columns_tablet&quot;:&quot;2&quot;,&quot;custom_columns_mobile&quot;:&quot;1&quot;,&quot;custom_row_gap&quot;:{&quot;unit&quot;:&quot;px&quot;,&quot;size&quot;:35,&quot;sizes&quot;:[]},&quot;custom_row_gap_tablet&quot;:{&quot;unit&quot;:&quot;px&quot;,&quot;size&quot;:&quot;&quot;,&quot;sizes&quot;:[]},&quot;custom_row_gap_mobile&quot;:{&quot;unit&quot;:&quot;px&quot;,&quot;size&quot;:&quot;&quot;,&quot;sizes&quot;:[]}}\" data-widget_type=\"posts.custom\">\n\t\t\t\t<div class=\"elementor-widget-container\">\n\t\t\t\t\t      <div class=\"ecs-posts elementor-posts-container elementor-posts   elementor-grid elementor-posts--skin-custom\" data-settings=\"{&quot;current_page&quot;:1,&quot;max_num_pages&quot;:0,&quot;load_method&quot;:&quot;&quot;,&quot;widget_id&quot;:&quot;6b8b3057&quot;,&quot;post_id&quot;:8356,&quot;theme_id&quot;:8356,&quot;change_url&quot;:false,&quot;reinit_js&quot;:false}\">\n      <div class=\"elementor-posts-nothing-found\"><\/div>\t\t<\/div>\n\t\t\t\t\t\t<\/div>\n\t\t\t\t<\/div>\n\t\t\t\t\t<\/div>\n\t\t\t\t<\/div>\n\t\t<div class=\"elementor-element elementor-element-5fb774bc e-flex e-con-boxed e-con e-parent\" data-id=\"5fb774bc\" data-element_type=\"container\" data-e-type=\"container\">\n\t\t\t\t\t<div class=\"e-con-inner\">\n\t\t\t\t<div class=\"elementor-element elementor-element-729d776 elementor-grid-2 elementor-widget__width-initial elementor-posts--thumbnail-top elementor-grid-tablet-2 elementor-grid-mobile-1 elementor-widget elementor-widget-posts\" data-id=\"729d776\" data-element_type=\"widget\" data-e-type=\"widget\" data-settings=\"{&quot;custom_columns&quot;:&quot;2&quot;,&quot;custom_row_gap&quot;:{&quot;unit&quot;:&quot;px&quot;,&quot;size&quot;:37,&quot;sizes&quot;:[]},&quot;custom_columns_tablet&quot;:&quot;2&quot;,&quot;custom_columns_mobile&quot;:&quot;1&quot;,&quot;custom_row_gap_tablet&quot;:{&quot;unit&quot;:&quot;px&quot;,&quot;size&quot;:&quot;&quot;,&quot;sizes&quot;:[]},&quot;custom_row_gap_mobile&quot;:{&quot;unit&quot;:&quot;px&quot;,&quot;size&quot;:&quot;&quot;,&quot;sizes&quot;:[]}}\" data-widget_type=\"posts.custom\">\n\t\t\t\t<div class=\"elementor-widget-container\">\n\t\t\t\t\t      <div class=\"ecs-posts elementor-posts-container elementor-posts   elementor-grid elementor-posts--skin-custom\" data-settings=\"{&quot;current_page&quot;:1,&quot;max_num_pages&quot;:0,&quot;load_method&quot;:&quot;loadmore&quot;,&quot;widget_id&quot;:&quot;729d776&quot;,&quot;post_id&quot;:8356,&quot;theme_id&quot;:8356,&quot;change_url&quot;:false,&quot;reinit_js&quot;:false}\">\n      <div class=\"elementor-posts-nothing-found\"><\/div>\t\t<\/div>\n\t\t\t\t\t\t<\/div>\n\t\t\t\t<\/div>\n\t\t\t\t\t<\/div>\n\t\t\t\t<\/div>\n\t\t\t\t<section class=\"elementor-section elementor-top-section elementor-element elementor-element-281c64c elementor-section-boxed elementor-section-height-default elementor-section-height-default\" data-id=\"281c64c\" data-element_type=\"section\" data-e-type=\"section\">\n\t\t\t\t\t\t<div class=\"elementor-container elementor-column-gap-default\">\n\t\t\t\t\t<div class=\"elementor-column elementor-col-100 elementor-top-column elementor-element elementor-element-3b19fc8d\" data-id=\"3b19fc8d\" data-element_type=\"column\" data-e-type=\"column\">\n\t\t\t<div class=\"elementor-widget-wrap elementor-element-populated\">\n\t\t\t\t\t\t<div class=\"elementor-element elementor-element-514a2dcc elementor-widget elementor-widget-shortcode\" data-id=\"514a2dcc\" data-element_type=\"widget\" data-e-type=\"widget\" data-widget_type=\"shortcode.default\">\n\t\t\t\t<div class=\"elementor-widget-container\">\n\t\t\t\t\t\t\t<div class=\"elementor-shortcode\">\t\t<div data-elementor-type=\"page\" data-elementor-id=\"4795\" class=\"elementor elementor-4795 elementor-632 elementor-632\" data-elementor-post-type=\"elementor_library\">\n\t\t\t\t\t\t<section class=\"elementor-section elementor-top-section elementor-element elementor-element-45ba9f0 elementor-section-content-middle elementor-section-boxed elementor-section-height-default elementor-section-height-default\" data-id=\"45ba9f0\" data-element_type=\"section\" data-e-type=\"section\">\n\t\t\t\t\t\t<div class=\"elementor-container elementor-column-gap-no\">\n\t\t\t\t\t<div class=\"elementor-column elementor-col-50 elementor-top-column elementor-element elementor-element-6fa2a1d\" data-id=\"6fa2a1d\" data-element_type=\"column\" data-e-type=\"column\" data-settings=\"{&quot;background_background&quot;:&quot;classic&quot;}\">\n\t\t\t<div class=\"elementor-widget-wrap elementor-element-populated\">\n\t\t\t\t\t\t<div class=\"elementor-element elementor-element-d294538 elementor-widget elementor-widget-heading\" data-id=\"d294538\" data-element_type=\"widget\" data-e-type=\"widget\" data-widget_type=\"heading.default\">\n\t\t\t\t<div class=\"elementor-widget-container\">\n\t\t\t\t\t<h2 class=\"elementor-heading-title elementor-size-default\">Lassen Sie uns reden<\/h2>\t\t\t\t<\/div>\n\t\t\t\t<\/div>\n\t\t\t\t<div class=\"elementor-element elementor-element-e50a103 elementor-widget elementor-widget-text-editor\" data-id=\"e50a103\" data-element_type=\"widget\" data-e-type=\"widget\" data-widget_type=\"text-editor.default\">\n\t\t\t\t<div class=\"elementor-widget-container\">\n\t\t\t\t\t\t\t\t\t<p>Beginnen Sie die Konversation mit unseren Analysten und Entwicklern. Zusammen erheben wir die Bed\u00fcrfnisse und skizzieren die neue L\u00f6sung<\/p>\n\t\t\t\t\t\t\t\t<\/div>\n\t\t\t\t<\/div>\n\t\t\t\t<div class=\"elementor-element elementor-element-c670f53 elementor-widget elementor-widget-button\" data-id=\"c670f53\" data-element_type=\"widget\" data-e-type=\"widget\" data-widget_type=\"button.default\">\n\t\t\t\t<div class=\"elementor-widget-container\">\n\t\t\t\t\t\t\t\t\t<div class=\"elementor-button-wrapper\">\n\t\t\t\t\t<a class=\"elementor-button elementor-button-link elementor-size-sm\" href=\"https:\/\/stssoftware.ch\/contact\/\">\n\t\t\t\t\t\t<span class=\"elementor-button-content-wrapper\">\n\t\t\t\t\t\t\t\t\t<span class=\"elementor-button-text\">Nehmen Sie Kontakt mit unseren Experten auf<\/span>\n\t\t\t\t\t<\/span>\n\t\t\t\t\t<\/a>\n\t\t\t\t<\/div>\n\t\t\t\t\t\t\t\t<\/div>\n\t\t\t\t<\/div>\n\t\t\t\t\t<\/div>\n\t\t<\/div>\n\t\t\t\t<div class=\"elementor-column elementor-col-50 elementor-top-column elementor-element elementor-element-2f29920 img-let-talk\" data-id=\"2f29920\" data-element_type=\"column\" data-e-type=\"column\" data-settings=\"{&quot;background_background&quot;:&quot;classic&quot;}\">\n\t\t\t<div class=\"elementor-widget-wrap\">\n\t\t\t\t\t\t\t<\/div>\n\t\t<\/div>\n\t\t\t\t\t<\/div>\n\t\t<\/section>\n\t\t\t\t<\/div>\n\t\t<\/div>\n\t\t\t\t\t\t<\/div>\n\t\t\t\t<\/div>\n\t\t\t\t\t<\/div>\n\t\t<\/div>\n\t\t\t\t\t<\/div>\n\t\t<\/section>\n\t\t\t\t<\/div>\n\t\t","protected":false},"excerpt":{"rendered":"<p>Offshore-Softwareentwicklung Erleben Sie die Kraft der globalen Zusammenarbeit mit den Offshore-Softwareentwicklungsdiensten der STS Software GmbH. Unsere Fallstudien zeigen, wie wir erfolgreich hochwertige, kosteneffiziente L\u00f6sungen f\u00fcr Kunden weltweit geliefert haben. Entdecken Sie, wie unsere Agentur f\u00fcr Offshore-Softwareentwicklung Prozesse gestrafft, die Entwicklung beschleunigt und au\u00dfergew\u00f6hnliche Ergebnisse geliefert hat &#8211; und das alles bei nahtloser Kommunikation und Projektmanagement. [&hellip;]<\/p>\n","protected":false},"author":1,"featured_media":0,"parent":7068,"menu_order":0,"comment_status":"closed","ping_status":"closed","template":"","meta":{"inline_featured_image":false,"footnotes":""},"class_list":["post-8356","page","type-page","status-publish","hentry"],"yoast_head":"<!-- This site is optimized with the Yoast SEO plugin v27.3 - https:\/\/yoast.com\/product\/yoast-seo-wordpress\/ -->\n<title>Offshore-Softwareentwicklung - STS Software GmbH<\/title>\n<meta name=\"robots\" content=\"index, follow, max-snippet:-1, max-image-preview:large, max-video-preview:-1\" \/>\n<link rel=\"canonical\" href=\"https:\/\/stssoftware.ch\/de\/case-studies\/offshore-softwareentwicklung\/\" \/>\n<meta property=\"og:locale\" content=\"de_DE\" \/>\n<meta property=\"og:type\" content=\"article\" \/>\n<meta property=\"og:title\" content=\"Offshore-Softwareentwicklung - STS Software GmbH\" \/>\n<meta property=\"og:description\" content=\"Offshore-Softwareentwicklung Erleben Sie die Kraft der globalen Zusammenarbeit mit den Offshore-Softwareentwicklungsdiensten der STS Software GmbH. Unsere Fallstudien zeigen, wie wir erfolgreich hochwertige, kosteneffiziente L\u00f6sungen f\u00fcr Kunden weltweit geliefert haben. Entdecken Sie, wie unsere Agentur f\u00fcr Offshore-Softwareentwicklung Prozesse gestrafft, die Entwicklung beschleunigt und au\u00dfergew\u00f6hnliche Ergebnisse geliefert hat &#8211; und das alles bei nahtloser Kommunikation und Projektmanagement. [&hellip;]\" \/>\n<meta property=\"og:url\" content=\"https:\/\/stssoftware.ch\/de\/case-studies\/offshore-softwareentwicklung\/\" \/>\n<meta property=\"og:site_name\" content=\"STS Software GmbH\" \/>\n<meta property=\"article:modified_time\" content=\"2024-09-11T02:38:02+00:00\" \/>\n<meta property=\"og:image\" content=\"http:\/\/stssoftware.ch\/wp-content\/uploads\/2022\/10\/Image.png\" \/>\n<meta name=\"twitter:card\" content=\"summary_large_image\" \/>\n<meta name=\"twitter:label1\" content=\"Est. reading time\" \/>\n\t<meta name=\"twitter:data1\" content=\"14 Minuten\" \/>\n<script type=\"application\/ld+json\" class=\"yoast-schema-graph\">{\"@context\":\"https:\\\/\\\/schema.org\",\"@graph\":[{\"@type\":\"WebPage\",\"@id\":\"https:\\\/\\\/stssoftware.ch\\\/de\\\/case-studies\\\/offshore-softwareentwicklung\\\/\",\"url\":\"https:\\\/\\\/stssoftware.ch\\\/de\\\/case-studies\\\/offshore-softwareentwicklung\\\/\",\"name\":\"Offshore-Softwareentwicklung - STS Software GmbH\",\"isPartOf\":{\"@id\":\"https:\\\/\\\/stssoftware.ch\\\/#website\"},\"primaryImageOfPage\":{\"@id\":\"https:\\\/\\\/stssoftware.ch\\\/de\\\/case-studies\\\/offshore-softwareentwicklung\\\/#primaryimage\"},\"image\":{\"@id\":\"https:\\\/\\\/stssoftware.ch\\\/de\\\/case-studies\\\/offshore-softwareentwicklung\\\/#primaryimage\"},\"thumbnailUrl\":\"http:\\\/\\\/stssoftware.ch\\\/wp-content\\\/uploads\\\/2022\\\/10\\\/Image.png\",\"datePublished\":\"2022-07-25T09:53:21+00:00\",\"dateModified\":\"2024-09-11T02:38:02+00:00\",\"breadcrumb\":{\"@id\":\"https:\\\/\\\/stssoftware.ch\\\/de\\\/case-studies\\\/offshore-softwareentwicklung\\\/#breadcrumb\"},\"inLanguage\":\"de-DE\",\"potentialAction\":[{\"@type\":\"ReadAction\",\"target\":[\"https:\\\/\\\/stssoftware.ch\\\/de\\\/case-studies\\\/offshore-softwareentwicklung\\\/\"]}]},{\"@type\":\"ImageObject\",\"inLanguage\":\"de-DE\",\"@id\":\"https:\\\/\\\/stssoftware.ch\\\/de\\\/case-studies\\\/offshore-softwareentwicklung\\\/#primaryimage\",\"url\":\"http:\\\/\\\/stssoftware.ch\\\/wp-content\\\/uploads\\\/2022\\\/10\\\/Image.png\",\"contentUrl\":\"http:\\\/\\\/stssoftware.ch\\\/wp-content\\\/uploads\\\/2022\\\/10\\\/Image.png\"},{\"@type\":\"BreadcrumbList\",\"@id\":\"https:\\\/\\\/stssoftware.ch\\\/de\\\/case-studies\\\/offshore-softwareentwicklung\\\/#breadcrumb\",\"itemListElement\":[{\"@type\":\"ListItem\",\"position\":1,\"name\":\"Home\",\"item\":\"https:\\\/\\\/stssoftware.ch\\\/de\\\/\"},{\"@type\":\"ListItem\",\"position\":2,\"name\":\"Case Studies\",\"item\":\"https:\\\/\\\/stssoftware.ch\\\/de\\\/case-studies\\\/\"},{\"@type\":\"ListItem\",\"position\":3,\"name\":\"Offshore-Softwareentwicklung\"}]},{\"@type\":\"WebSite\",\"@id\":\"https:\\\/\\\/stssoftware.ch\\\/#website\",\"url\":\"https:\\\/\\\/stssoftware.ch\\\/\",\"name\":\"STS Software GmbH\",\"description\":\"Innovative Software Development Company in Switzerland - STS Software GmbH\",\"publisher\":{\"@id\":\"https:\\\/\\\/stssoftware.ch\\\/#organization\"},\"potentialAction\":[{\"@type\":\"SearchAction\",\"target\":{\"@type\":\"EntryPoint\",\"urlTemplate\":\"https:\\\/\\\/stssoftware.ch\\\/?s={search_term_string}\"},\"query-input\":{\"@type\":\"PropertyValueSpecification\",\"valueRequired\":true,\"valueName\":\"search_term_string\"}}],\"inLanguage\":\"de-DE\"},{\"@type\":\"Organization\",\"@id\":\"https:\\\/\\\/stssoftware.ch\\\/#organization\",\"name\":\"STS Software GmbH\",\"url\":\"https:\\\/\\\/stssoftware.ch\\\/\",\"logo\":{\"@type\":\"ImageObject\",\"inLanguage\":\"de-DE\",\"@id\":\"https:\\\/\\\/stssoftware.ch\\\/#\\\/schema\\\/logo\\\/image\\\/\",\"url\":\"https:\\\/\\\/stssoftware.ch\\\/wp-content\\\/uploads\\\/2022\\\/06\\\/Logo_software_Gmbh.svg\",\"contentUrl\":\"https:\\\/\\\/stssoftware.ch\\\/wp-content\\\/uploads\\\/2022\\\/06\\\/Logo_software_Gmbh.svg\",\"width\":167,\"height\":50,\"caption\":\"STS Software GmbH\"},\"image\":{\"@id\":\"https:\\\/\\\/stssoftware.ch\\\/#\\\/schema\\\/logo\\\/image\\\/\"}}]}<\/script>\n<!-- \/ Yoast SEO plugin. -->","yoast_head_json":{"title":"Offshore-Softwareentwicklung - STS Software GmbH","robots":{"index":"index","follow":"follow","max-snippet":"max-snippet:-1","max-image-preview":"max-image-preview:large","max-video-preview":"max-video-preview:-1"},"canonical":"https:\/\/stssoftware.ch\/de\/case-studies\/offshore-softwareentwicklung\/","og_locale":"de_DE","og_type":"article","og_title":"Offshore-Softwareentwicklung - STS Software GmbH","og_description":"Offshore-Softwareentwicklung Erleben Sie die Kraft der globalen Zusammenarbeit mit den Offshore-Softwareentwicklungsdiensten der STS Software GmbH. Unsere Fallstudien zeigen, wie wir erfolgreich hochwertige, kosteneffiziente L\u00f6sungen f\u00fcr Kunden weltweit geliefert haben. Entdecken Sie, wie unsere Agentur f\u00fcr Offshore-Softwareentwicklung Prozesse gestrafft, die Entwicklung beschleunigt und au\u00dfergew\u00f6hnliche Ergebnisse geliefert hat &#8211; und das alles bei nahtloser Kommunikation und Projektmanagement. [&hellip;]","og_url":"https:\/\/stssoftware.ch\/de\/case-studies\/offshore-softwareentwicklung\/","og_site_name":"STS Software GmbH","article_modified_time":"2024-09-11T02:38:02+00:00","og_image":[{"url":"http:\/\/stssoftware.ch\/wp-content\/uploads\/2022\/10\/Image.png","type":"","width":"","height":""}],"twitter_card":"summary_large_image","twitter_misc":{"Est. reading time":"14 Minuten"},"schema":{"@context":"https:\/\/schema.org","@graph":[{"@type":"WebPage","@id":"https:\/\/stssoftware.ch\/de\/case-studies\/offshore-softwareentwicklung\/","url":"https:\/\/stssoftware.ch\/de\/case-studies\/offshore-softwareentwicklung\/","name":"Offshore-Softwareentwicklung - STS Software GmbH","isPartOf":{"@id":"https:\/\/stssoftware.ch\/#website"},"primaryImageOfPage":{"@id":"https:\/\/stssoftware.ch\/de\/case-studies\/offshore-softwareentwicklung\/#primaryimage"},"image":{"@id":"https:\/\/stssoftware.ch\/de\/case-studies\/offshore-softwareentwicklung\/#primaryimage"},"thumbnailUrl":"http:\/\/stssoftware.ch\/wp-content\/uploads\/2022\/10\/Image.png","datePublished":"2022-07-25T09:53:21+00:00","dateModified":"2024-09-11T02:38:02+00:00","breadcrumb":{"@id":"https:\/\/stssoftware.ch\/de\/case-studies\/offshore-softwareentwicklung\/#breadcrumb"},"inLanguage":"de-DE","potentialAction":[{"@type":"ReadAction","target":["https:\/\/stssoftware.ch\/de\/case-studies\/offshore-softwareentwicklung\/"]}]},{"@type":"ImageObject","inLanguage":"de-DE","@id":"https:\/\/stssoftware.ch\/de\/case-studies\/offshore-softwareentwicklung\/#primaryimage","url":"http:\/\/stssoftware.ch\/wp-content\/uploads\/2022\/10\/Image.png","contentUrl":"http:\/\/stssoftware.ch\/wp-content\/uploads\/2022\/10\/Image.png"},{"@type":"BreadcrumbList","@id":"https:\/\/stssoftware.ch\/de\/case-studies\/offshore-softwareentwicklung\/#breadcrumb","itemListElement":[{"@type":"ListItem","position":1,"name":"Home","item":"https:\/\/stssoftware.ch\/de\/"},{"@type":"ListItem","position":2,"name":"Case Studies","item":"https:\/\/stssoftware.ch\/de\/case-studies\/"},{"@type":"ListItem","position":3,"name":"Offshore-Softwareentwicklung"}]},{"@type":"WebSite","@id":"https:\/\/stssoftware.ch\/#website","url":"https:\/\/stssoftware.ch\/","name":"STS Software GmbH","description":"Innovative Software Development Company in Switzerland - STS Software GmbH","publisher":{"@id":"https:\/\/stssoftware.ch\/#organization"},"potentialAction":[{"@type":"SearchAction","target":{"@type":"EntryPoint","urlTemplate":"https:\/\/stssoftware.ch\/?s={search_term_string}"},"query-input":{"@type":"PropertyValueSpecification","valueRequired":true,"valueName":"search_term_string"}}],"inLanguage":"de-DE"},{"@type":"Organization","@id":"https:\/\/stssoftware.ch\/#organization","name":"STS Software GmbH","url":"https:\/\/stssoftware.ch\/","logo":{"@type":"ImageObject","inLanguage":"de-DE","@id":"https:\/\/stssoftware.ch\/#\/schema\/logo\/image\/","url":"https:\/\/stssoftware.ch\/wp-content\/uploads\/2022\/06\/Logo_software_Gmbh.svg","contentUrl":"https:\/\/stssoftware.ch\/wp-content\/uploads\/2022\/06\/Logo_software_Gmbh.svg","width":167,"height":50,"caption":"STS Software GmbH"},"image":{"@id":"https:\/\/stssoftware.ch\/#\/schema\/logo\/image\/"}}]}},"_links":{"self":[{"href":"https:\/\/stssoftware.ch\/de\/wp-json\/wp\/v2\/pages\/8356","targetHints":{"allow":["GET"]}}],"collection":[{"href":"https:\/\/stssoftware.ch\/de\/wp-json\/wp\/v2\/pages"}],"about":[{"href":"https:\/\/stssoftware.ch\/de\/wp-json\/wp\/v2\/types\/page"}],"author":[{"embeddable":true,"href":"https:\/\/stssoftware.ch\/de\/wp-json\/wp\/v2\/users\/1"}],"replies":[{"embeddable":true,"href":"https:\/\/stssoftware.ch\/de\/wp-json\/wp\/v2\/comments?post=8356"}],"version-history":[{"count":4,"href":"https:\/\/stssoftware.ch\/de\/wp-json\/wp\/v2\/pages\/8356\/revisions"}],"predecessor-version":[{"id":8373,"href":"https:\/\/stssoftware.ch\/de\/wp-json\/wp\/v2\/pages\/8356\/revisions\/8373"}],"up":[{"embeddable":true,"href":"https:\/\/stssoftware.ch\/de\/wp-json\/wp\/v2\/pages\/7068"}],"wp:attachment":[{"href":"https:\/\/stssoftware.ch\/de\/wp-json\/wp\/v2\/media?parent=8356"}],"curies":[{"name":"wp","href":"https:\/\/api.w.org\/{rel}","templated":true}]}}