{"id":8354,"date":"2022-07-25T09:53:03","date_gmt":"2022-07-25T09:53:03","guid":{"rendered":"https:\/\/stssoftware.ch\/case-studies\/mobile-app-entwicklung\/"},"modified":"2024-09-11T02:36:39","modified_gmt":"2024-09-11T02:36:39","slug":"mobile-app-entwicklung","status":"publish","type":"page","link":"https:\/\/stssoftware.ch\/de\/case-studies\/mobile-app-entwicklung\/","title":{"rendered":"Mobile App-Entwicklung"},"content":{"rendered":"\t\t<div data-elementor-type=\"wp-page\" data-elementor-id=\"8354\" class=\"elementor elementor-8354 elementor-1121\" data-elementor-post-type=\"page\">\n\t\t\t\t\t\t<section class=\"elementor-section elementor-top-section elementor-element elementor-element-35289ad4 elementor-section-full_width elementor-section-height-default elementor-section-height-default\" data-id=\"35289ad4\" data-element_type=\"section\">\n\t\t\t\t\t\t<div class=\"elementor-container elementor-column-gap-default\">\n\t\t\t\t\t<div class=\"elementor-column elementor-col-50 elementor-top-column elementor-element elementor-element-5ab24f28\" data-id=\"5ab24f28\" data-element_type=\"column\">\n\t\t\t<div class=\"elementor-widget-wrap elementor-element-populated\">\n\t\t\t\t\t\t<div class=\"elementor-element elementor-element-353485a0 elementor-widget elementor-widget-heading\" data-id=\"353485a0\" data-element_type=\"widget\" data-widget_type=\"heading.default\">\n\t\t\t\t<div class=\"elementor-widget-container\">\n\t\t\t<style>\/*! elementor - v3.20.0 - 26-03-2024 *\/\n.elementor-heading-title{padding:0;margin:0;line-height:1}.elementor-widget-heading .elementor-heading-title[class*=elementor-size-]>a{color:inherit;font-size:inherit;line-height:inherit}.elementor-widget-heading .elementor-heading-title.elementor-size-small{font-size:15px}.elementor-widget-heading .elementor-heading-title.elementor-size-medium{font-size:19px}.elementor-widget-heading .elementor-heading-title.elementor-size-large{font-size:29px}.elementor-widget-heading .elementor-heading-title.elementor-size-xl{font-size:39px}.elementor-widget-heading .elementor-heading-title.elementor-size-xxl{font-size:59px}<\/style><h1 class=\"elementor-heading-title elementor-size-default\">Mobile App-Entwicklung<\/h1>\t\t<\/div>\n\t\t\t\t<\/div>\n\t\t\t\t<div class=\"elementor-element elementor-element-74afa906 elementor-widget elementor-widget-text-editor\" data-id=\"74afa906\" data-element_type=\"widget\" data-widget_type=\"text-editor.default\">\n\t\t\t\t<div class=\"elementor-widget-container\">\n\t\t\t<style>\/*! elementor - v3.20.0 - 26-03-2024 *\/\n.elementor-widget-text-editor.elementor-drop-cap-view-stacked .elementor-drop-cap{background-color:#69727d;color:#fff}.elementor-widget-text-editor.elementor-drop-cap-view-framed .elementor-drop-cap{color:#69727d;border:3px solid;background-color:transparent}.elementor-widget-text-editor:not(.elementor-drop-cap-view-default) .elementor-drop-cap{margin-top:8px}.elementor-widget-text-editor:not(.elementor-drop-cap-view-default) .elementor-drop-cap-letter{width:1em;height:1em}.elementor-widget-text-editor .elementor-drop-cap{float:left;text-align:center;line-height:1;font-size:50px}.elementor-widget-text-editor .elementor-drop-cap-letter{display:inline-block}<\/style>\t\t\t\t<p>Entdecken Sie, wie STS Software GmbH mobile Erlebnisse durch unsere herausragenden <a href=\"https:\/\/stssoftware.ch\/de\/leistungen\/mobile-app-entwicklung\/\">Mobile App-Entwicklungsdienste<\/a> revolutioniert hat. Erkunden Sie unsere Fallstudien, um die Kraft innovativer Apps f\u00fcr iOS, Android und Cross-Plattform zu erleben. Erfahren Sie, wie wir Unternehmen geholfen haben, Kunden zu begeistern, Prozesse zu optimieren und Wachstum mit ma\u00dfgeschneiderten mobilen L\u00f6sungen in der Schweiz und Deutschland zu f\u00f6rdern.  <\/p>\n\t\t\t\t\t\t<\/div>\n\t\t\t\t<\/div>\n\t\t\t\t\t<\/div>\n\t\t<\/div>\n\t\t\t\t<div class=\"elementor-column elementor-col-50 elementor-top-column elementor-element elementor-element-6a08a240\" data-id=\"6a08a240\" data-element_type=\"column\">\n\t\t\t<div class=\"elementor-widget-wrap elementor-element-populated\">\n\t\t\t\t\t\t<div class=\"elementor-element elementor-element-5edaa194 elementor-widget__width-initial elementor-widget elementor-widget-image\" data-id=\"5edaa194\" data-element_type=\"widget\" data-widget_type=\"image.default\">\n\t\t\t\t<div class=\"elementor-widget-container\">\n\t\t\t<style>\/*! elementor - v3.20.0 - 26-03-2024 *\/\n.elementor-widget-image{text-align:center}.elementor-widget-image a{display:inline-block}.elementor-widget-image a img[src$=\".svg\"]{width:48px}.elementor-widget-image img{vertical-align:middle;display:inline-block}<\/style>\t\t\t\t\t\t\t\t\t\t<img fetchpriority=\"high\" width=\"500\" height=\"503\" src=\"https:\/\/stssoftware.ch\/wp-content\/uploads\/2022\/10\/Image.png\" class=\"attachment-large size-large wp-image-2792\" alt=\"image\" srcset=\"https:\/\/stssoftware.ch\/wp-content\/uploads\/2022\/10\/Image.png 500w, https:\/\/stssoftware.ch\/wp-content\/uploads\/2022\/10\/Image-298x300.png 298w, https:\/\/stssoftware.ch\/wp-content\/uploads\/2022\/10\/Image-150x150.png 150w, https:\/\/stssoftware.ch\/wp-content\/uploads\/2022\/10\/Image-24x24.png 24w, https:\/\/stssoftware.ch\/wp-content\/uploads\/2022\/10\/Image-36x36.png 36w, https:\/\/stssoftware.ch\/wp-content\/uploads\/2022\/10\/Image-48x48.png 48w\" sizes=\"(max-width: 500px) 100vw, 500px\" \/>\t\t\t\t\t\t\t\t\t\t\t\t\t<\/div>\n\t\t\t\t<\/div>\n\t\t\t\t\t<\/div>\n\t\t<\/div>\n\t\t\t\t\t<\/div>\n\t\t<\/section>\n\t\t<div class=\"elementor-element elementor-element-4f5e4daa e-flex e-con-boxed e-con e-parent\" data-id=\"4f5e4daa\" data-element_type=\"container\" data-core-v316-plus=\"true\">\n\t\t\t\t\t<div class=\"e-con-inner\">\n\t\t\t\t<div class=\"elementor-element elementor-element-822f015 elementor-widget elementor-widget-html\" data-id=\"822f015\" data-element_type=\"widget\" data-widget_type=\"html.default\">\n\t\t\t\t<div class=\"elementor-widget-container\">\n\t\t\t<div class=\"cases\">\n                                    <div class=\"case-item\">\n                                        <a href=\"\/de\/case-studies\/\"> Alle<\/a>\n                                    <\/div>\n\n                                    <div class=\"case-item\">\n                                        <a href=\"\/de\/case-studies\/web-app-entwicklung\/\"> Web-App-Entwicklung <\/a>\n                                    <\/div>\n                                    <div class=\"case-item\" id=\"active\">\n                                        <a href=\"\/de\/case-studies\/mobile-app-entwicklung\/\"> Mobile App-Entwicklung <\/a>\n                                    <\/div>\n                                    <div class=\"case-item\">\n                                        <a href=\"\/de\/case-studies\/offshore-softwareentwicklung\/\"> Offshore-Softwareentwicklung <\/a>\n                                    <\/div>\n                                    <div class=\"case-item\">\n                                        <a href=\"\/de\/case-studies\/ui-ux-design\/\"> UI\/UX Design <\/a>\n                                    <\/div>\n                                    <div class=\"case-item\">\n                                        <a href=\"\/de\/case-studies\/ki-und-ml\/\"> KI und ML <\/a>\n                                    <\/div>\n                                    <div class=\"case-item\">\n                                        <a href=\"\/de\/case-studies\/saas-losungsentwicklung\/\"> SaaS-L\u00f6sungsentwicklung <\/a>\n                                    <\/div>\n<\/div>\t\t<\/div>\n\t\t\t\t<\/div>\n\t\t\t\t\t<\/div>\n\t\t\t\t<\/div>\n\t\t<div class=\"elementor-element elementor-element-7acd4dea e-flex e-con-boxed e-con e-parent\" data-id=\"7acd4dea\" data-element_type=\"container\" data-core-v316-plus=\"true\">\n\t\t\t\t\t<div class=\"e-con-inner\">\n\t\t\t\t<div class=\"elementor-element elementor-element-2b6445f8 elementor-grid-1 elementor-widget__width-inherit elementor-posts--thumbnail-top elementor-grid-tablet-2 elementor-grid-mobile-1 elementor-widget elementor-widget-posts\" data-id=\"2b6445f8\" data-element_type=\"widget\" data-settings=\"{&quot;custom_columns&quot;:&quot;1&quot;,&quot;custom_columns_tablet&quot;:&quot;2&quot;,&quot;custom_columns_mobile&quot;:&quot;1&quot;,&quot;custom_row_gap&quot;:{&quot;unit&quot;:&quot;px&quot;,&quot;size&quot;:35,&quot;sizes&quot;:[]},&quot;custom_row_gap_tablet&quot;:{&quot;unit&quot;:&quot;px&quot;,&quot;size&quot;:&quot;&quot;,&quot;sizes&quot;:[]},&quot;custom_row_gap_mobile&quot;:{&quot;unit&quot;:&quot;px&quot;,&quot;size&quot;:&quot;&quot;,&quot;sizes&quot;:[]}}\" data-widget_type=\"posts.custom\">\n\t\t\t\t<div class=\"elementor-widget-container\">\n\t\t\t<link rel=\"stylesheet\" href=\"https:\/\/stssoftware.ch\/wp-content\/plugins\/elementor-pro\/assets\/css\/widget-posts.min.css\">      <div class=\"ecs-posts elementor-posts-container elementor-posts   elementor-grid elementor-posts--skin-custom\" data-settings=\"{&quot;current_page&quot;:1,&quot;max_num_pages&quot;:0,&quot;load_method&quot;:&quot;&quot;,&quot;widget_id&quot;:&quot;2b6445f8&quot;,&quot;post_id&quot;:8354,&quot;theme_id&quot;:8354,&quot;change_url&quot;:false,&quot;reinit_js&quot;:false}\">\n      <div class=\"elementor-posts-nothing-found\"><\/div>\t\t<\/div>\n\t\t\t\t<\/div>\n\t\t\t\t<\/div>\n\t\t\t\t\t<\/div>\n\t\t\t\t<\/div>\n\t\t<div class=\"elementor-element elementor-element-71683094 e-flex e-con-boxed e-con e-parent\" data-id=\"71683094\" data-element_type=\"container\" data-core-v316-plus=\"true\">\n\t\t\t\t\t<div class=\"e-con-inner\">\n\t\t\t\t<div class=\"elementor-element elementor-element-1a4dcf36 elementor-grid-2 elementor-widget__width-initial elementor-posts--thumbnail-top elementor-grid-tablet-2 elementor-grid-mobile-1 elementor-widget elementor-widget-posts\" data-id=\"1a4dcf36\" data-element_type=\"widget\" data-settings=\"{&quot;custom_columns&quot;:&quot;2&quot;,&quot;custom_columns_tablet&quot;:&quot;2&quot;,&quot;custom_columns_mobile&quot;:&quot;1&quot;,&quot;custom_row_gap&quot;:{&quot;unit&quot;:&quot;px&quot;,&quot;size&quot;:35,&quot;sizes&quot;:[]},&quot;custom_row_gap_tablet&quot;:{&quot;unit&quot;:&quot;px&quot;,&quot;size&quot;:&quot;&quot;,&quot;sizes&quot;:[]},&quot;custom_row_gap_mobile&quot;:{&quot;unit&quot;:&quot;px&quot;,&quot;size&quot;:&quot;&quot;,&quot;sizes&quot;:[]}}\" data-widget_type=\"posts.custom\">\n\t\t\t\t<div class=\"elementor-widget-container\">\n\t\t\t      <div class=\"ecs-posts elementor-posts-container elementor-posts   elementor-grid elementor-posts--skin-custom\" data-settings=\"{&quot;current_page&quot;:1,&quot;max_num_pages&quot;:0,&quot;load_method&quot;:&quot;loadmore&quot;,&quot;widget_id&quot;:&quot;1a4dcf36&quot;,&quot;post_id&quot;:8354,&quot;theme_id&quot;:8354,&quot;change_url&quot;:false,&quot;reinit_js&quot;:false}\">\n      <div class=\"elementor-posts-nothing-found\"><\/div>\t\t<\/div>\n\t\t\t\t<\/div>\n\t\t\t\t<\/div>\n\t\t\t\t\t<\/div>\n\t\t\t\t<\/div>\n\t\t\t\t<section class=\"elementor-section elementor-top-section elementor-element elementor-element-28daac49 elementor-section-boxed elementor-section-height-default elementor-section-height-default\" data-id=\"28daac49\" data-element_type=\"section\">\n\t\t\t\t\t\t<div class=\"elementor-container elementor-column-gap-default\">\n\t\t\t\t\t<div class=\"elementor-column elementor-col-100 elementor-top-column elementor-element elementor-element-18f76e86\" data-id=\"18f76e86\" data-element_type=\"column\">\n\t\t\t<div class=\"elementor-widget-wrap elementor-element-populated\">\n\t\t\t\t\t\t<div class=\"elementor-element elementor-element-2331b335 elementor-widget elementor-widget-shortcode\" data-id=\"2331b335\" data-element_type=\"widget\" data-widget_type=\"shortcode.default\">\n\t\t\t\t<div class=\"elementor-widget-container\">\n\t\t\t\t\t<div class=\"elementor-shortcode\">\t\t<div data-elementor-type=\"page\" data-elementor-id=\"4795\" class=\"elementor elementor-4795 elementor-632\" data-elementor-post-type=\"elementor_library\">\n\t\t\t\t\t\t<section class=\"elementor-section elementor-top-section elementor-element elementor-element-45ba9f0 elementor-section-content-middle elementor-section-boxed elementor-section-height-default elementor-section-height-default\" data-id=\"45ba9f0\" data-element_type=\"section\">\n\t\t\t\t\t\t<div class=\"elementor-container elementor-column-gap-no\">\n\t\t\t\t\t<div class=\"elementor-column elementor-col-50 elementor-top-column elementor-element elementor-element-6fa2a1d\" data-id=\"6fa2a1d\" data-element_type=\"column\" data-settings=\"{&quot;background_background&quot;:&quot;classic&quot;}\">\n\t\t\t<div class=\"elementor-widget-wrap elementor-element-populated\">\n\t\t\t\t\t\t<div class=\"elementor-element elementor-element-d294538 elementor-widget elementor-widget-heading\" data-id=\"d294538\" data-element_type=\"widget\" data-widget_type=\"heading.default\">\n\t\t\t\t<div class=\"elementor-widget-container\">\n\t\t\t<h2 class=\"elementor-heading-title elementor-size-default\">Lassen Sie uns reden<\/h2>\t\t<\/div>\n\t\t\t\t<\/div>\n\t\t\t\t<div class=\"elementor-element elementor-element-e50a103 elementor-widget elementor-widget-text-editor\" data-id=\"e50a103\" data-element_type=\"widget\" data-widget_type=\"text-editor.default\">\n\t\t\t\t<div class=\"elementor-widget-container\">\n\t\t\t\t\t\t\t<p>Beginnen Sie die Konversation mit unseren Analysten und Entwicklern. Zusammen erheben wir die Bed\u00fcrfnisse und skizzieren die neue L\u00f6sung<\/p>\n\t\t\t\t\t\t<\/div>\n\t\t\t\t<\/div>\n\t\t\t\t<div class=\"elementor-element elementor-element-c670f53 elementor-widget elementor-widget-button\" data-id=\"c670f53\" data-element_type=\"widget\" data-widget_type=\"button.default\">\n\t\t\t\t<div class=\"elementor-widget-container\">\n\t\t\t\t\t<div class=\"elementor-button-wrapper\">\n\t\t\t<a class=\"elementor-button elementor-button-link elementor-size-sm\" href=\"https:\/\/stssoftware.ch\/contact\/\">\n\t\t\t\t\t\t<span class=\"elementor-button-content-wrapper\">\n\t\t\t\t\t\t<span class=\"elementor-button-text\">Nehmen Sie Kontakt mit unseren Experten auf<\/span>\n\t\t<\/span>\n\t\t\t\t\t<\/a>\n\t\t<\/div>\n\t\t\t\t<\/div>\n\t\t\t\t<\/div>\n\t\t\t\t\t<\/div>\n\t\t<\/div>\n\t\t\t\t<div class=\"elementor-column elementor-col-50 elementor-top-column elementor-element elementor-element-2f29920 img-let-talk\" data-id=\"2f29920\" data-element_type=\"column\" data-settings=\"{&quot;background_background&quot;:&quot;classic&quot;}\">\n\t\t\t<div class=\"elementor-widget-wrap\">\n\t\t\t\t\t\t\t<\/div>\n\t\t<\/div>\n\t\t\t\t\t<\/div>\n\t\t<\/section>\n\t\t\t\t<\/div>\n\t\t<\/div>\n\t\t\t\t<\/div>\n\t\t\t\t<\/div>\n\t\t\t\t\t<\/div>\n\t\t<\/div>\n\t\t\t\t\t<\/div>\n\t\t<\/section>\n\t\t\t\t<\/div>\n\t\t","protected":false},"excerpt":{"rendered":"<p>Mobile App-Entwicklung Entdecken Sie, wie STS Software GmbH mobile Erlebnisse durch unsere herausragenden Mobile App-Entwicklungsdienste revolutioniert hat. Erkunden Sie unsere Fallstudien, um die Kraft innovativer Apps f\u00fcr iOS, Android und Cross-Plattform zu erleben. Erfahren Sie, wie wir Unternehmen geholfen haben, Kunden zu begeistern, Prozesse zu optimieren und Wachstum mit ma\u00dfgeschneiderten mobilen L\u00f6sungen in der Schweiz [&hellip;]<\/p>\n","protected":false},"author":1,"featured_media":0,"parent":7068,"menu_order":0,"comment_status":"closed","ping_status":"closed","template":"","meta":{"inline_featured_image":false},"yoast_head":"<!-- This site is optimized with the Yoast SEO plugin v20.6 - https:\/\/yoast.com\/wordpress\/plugins\/seo\/ -->\n<title>Mobile App-Entwicklung - STS Software GmbH<\/title>\n<meta name=\"robots\" content=\"index, follow, max-snippet:-1, max-image-preview:large, max-video-preview:-1\" \/>\n<link rel=\"canonical\" href=\"https:\/\/stssoftware.ch\/de\/case-studies\/mobile-app-entwicklung\/\" \/>\n<meta property=\"og:locale\" content=\"de_DE\" \/>\n<meta property=\"og:type\" content=\"article\" \/>\n<meta property=\"og:title\" content=\"Mobile App-Entwicklung - STS Software GmbH\" \/>\n<meta property=\"og:description\" content=\"Mobile App-Entwicklung Entdecken Sie, wie STS Software GmbH mobile Erlebnisse durch unsere herausragenden Mobile App-Entwicklungsdienste revolutioniert hat. Erkunden Sie unsere Fallstudien, um die Kraft innovativer Apps f\u00fcr iOS, Android und Cross-Plattform zu erleben. Erfahren Sie, wie wir Unternehmen geholfen haben, Kunden zu begeistern, Prozesse zu optimieren und Wachstum mit ma\u00dfgeschneiderten mobilen L\u00f6sungen in der Schweiz [&hellip;]\" \/>\n<meta property=\"og:url\" content=\"https:\/\/stssoftware.ch\/de\/case-studies\/mobile-app-entwicklung\/\" \/>\n<meta property=\"og:site_name\" content=\"STS Software GmbH\" \/>\n<meta property=\"article:modified_time\" content=\"2024-09-11T02:36:39+00:00\" \/>\n<meta property=\"og:image\" content=\"http:\/\/stssoftware.ch\/wp-content\/uploads\/2022\/10\/Image.png\" \/>\n<meta name=\"twitter:card\" content=\"summary_large_image\" \/>\n<meta name=\"twitter:label1\" content=\"Est. reading time\" \/>\n\t<meta name=\"twitter:data1\" content=\"14 Minuten\" \/>\n<script type=\"application\/ld+json\" class=\"yoast-schema-graph\">{\"@context\":\"https:\/\/schema.org\",\"@graph\":[{\"@type\":\"WebPage\",\"@id\":\"https:\/\/stssoftware.ch\/de\/case-studies\/mobile-app-entwicklung\/\",\"url\":\"https:\/\/stssoftware.ch\/de\/case-studies\/mobile-app-entwicklung\/\",\"name\":\"Mobile App-Entwicklung - STS Software GmbH\",\"isPartOf\":{\"@id\":\"https:\/\/stssoftware.ch\/#website\"},\"datePublished\":\"2022-07-25T09:53:03+00:00\",\"dateModified\":\"2024-09-11T02:36:39+00:00\",\"breadcrumb\":{\"@id\":\"https:\/\/stssoftware.ch\/de\/case-studies\/mobile-app-entwicklung\/#breadcrumb\"},\"inLanguage\":\"de-DE\",\"potentialAction\":[{\"@type\":\"ReadAction\",\"target\":[\"https:\/\/stssoftware.ch\/de\/case-studies\/mobile-app-entwicklung\/\"]}]},{\"@type\":\"BreadcrumbList\",\"@id\":\"https:\/\/stssoftware.ch\/de\/case-studies\/mobile-app-entwicklung\/#breadcrumb\",\"itemListElement\":[{\"@type\":\"ListItem\",\"position\":1,\"name\":\"Home\",\"item\":\"https:\/\/stssoftware.ch\/de\/\"},{\"@type\":\"ListItem\",\"position\":2,\"name\":\"Case Studies\",\"item\":\"https:\/\/stssoftware.ch\/de\/case-studies\/\"},{\"@type\":\"ListItem\",\"position\":3,\"name\":\"Mobile App-Entwicklung\"}]},{\"@type\":\"WebSite\",\"@id\":\"https:\/\/stssoftware.ch\/#website\",\"url\":\"https:\/\/stssoftware.ch\/\",\"name\":\"STS Software GmbH\",\"description\":\"Innovative Software Development Company in Switzerland - STS Software GmbH\",\"publisher\":{\"@id\":\"https:\/\/stssoftware.ch\/#organization\"},\"potentialAction\":[{\"@type\":\"SearchAction\",\"target\":{\"@type\":\"EntryPoint\",\"urlTemplate\":\"https:\/\/stssoftware.ch\/?s={search_term_string}\"},\"query-input\":\"required name=search_term_string\"}],\"inLanguage\":\"de-DE\"},{\"@type\":\"Organization\",\"@id\":\"https:\/\/stssoftware.ch\/#organization\",\"name\":\"STS Software GmbH\",\"url\":\"https:\/\/stssoftware.ch\/\",\"logo\":{\"@type\":\"ImageObject\",\"inLanguage\":\"de-DE\",\"@id\":\"https:\/\/stssoftware.ch\/#\/schema\/logo\/image\/\",\"url\":\"https:\/\/stssoftware.ch\/wp-content\/uploads\/2022\/06\/Logo_software_Gmbh.svg\",\"contentUrl\":\"https:\/\/stssoftware.ch\/wp-content\/uploads\/2022\/06\/Logo_software_Gmbh.svg\",\"width\":167,\"height\":50,\"caption\":\"STS Software GmbH\"},\"image\":{\"@id\":\"https:\/\/stssoftware.ch\/#\/schema\/logo\/image\/\"}}]}<\/script>\n<!-- \/ Yoast SEO plugin. -->","yoast_head_json":{"title":"Mobile App-Entwicklung - STS Software GmbH","robots":{"index":"index","follow":"follow","max-snippet":"max-snippet:-1","max-image-preview":"max-image-preview:large","max-video-preview":"max-video-preview:-1"},"canonical":"https:\/\/stssoftware.ch\/de\/case-studies\/mobile-app-entwicklung\/","og_locale":"de_DE","og_type":"article","og_title":"Mobile App-Entwicklung - STS Software GmbH","og_description":"Mobile App-Entwicklung Entdecken Sie, wie STS Software GmbH mobile Erlebnisse durch unsere herausragenden Mobile App-Entwicklungsdienste revolutioniert hat. Erkunden Sie unsere Fallstudien, um die Kraft innovativer Apps f\u00fcr iOS, Android und Cross-Plattform zu erleben. Erfahren Sie, wie wir Unternehmen geholfen haben, Kunden zu begeistern, Prozesse zu optimieren und Wachstum mit ma\u00dfgeschneiderten mobilen L\u00f6sungen in der Schweiz [&hellip;]","og_url":"https:\/\/stssoftware.ch\/de\/case-studies\/mobile-app-entwicklung\/","og_site_name":"STS Software GmbH","article_modified_time":"2024-09-11T02:36:39+00:00","og_image":[{"url":"http:\/\/stssoftware.ch\/wp-content\/uploads\/2022\/10\/Image.png"}],"twitter_card":"summary_large_image","twitter_misc":{"Est. reading time":"14 Minuten"},"schema":{"@context":"https:\/\/schema.org","@graph":[{"@type":"WebPage","@id":"https:\/\/stssoftware.ch\/de\/case-studies\/mobile-app-entwicklung\/","url":"https:\/\/stssoftware.ch\/de\/case-studies\/mobile-app-entwicklung\/","name":"Mobile App-Entwicklung - STS Software GmbH","isPartOf":{"@id":"https:\/\/stssoftware.ch\/#website"},"datePublished":"2022-07-25T09:53:03+00:00","dateModified":"2024-09-11T02:36:39+00:00","breadcrumb":{"@id":"https:\/\/stssoftware.ch\/de\/case-studies\/mobile-app-entwicklung\/#breadcrumb"},"inLanguage":"de-DE","potentialAction":[{"@type":"ReadAction","target":["https:\/\/stssoftware.ch\/de\/case-studies\/mobile-app-entwicklung\/"]}]},{"@type":"BreadcrumbList","@id":"https:\/\/stssoftware.ch\/de\/case-studies\/mobile-app-entwicklung\/#breadcrumb","itemListElement":[{"@type":"ListItem","position":1,"name":"Home","item":"https:\/\/stssoftware.ch\/de\/"},{"@type":"ListItem","position":2,"name":"Case Studies","item":"https:\/\/stssoftware.ch\/de\/case-studies\/"},{"@type":"ListItem","position":3,"name":"Mobile App-Entwicklung"}]},{"@type":"WebSite","@id":"https:\/\/stssoftware.ch\/#website","url":"https:\/\/stssoftware.ch\/","name":"STS Software GmbH","description":"Innovative Software Development Company in Switzerland - STS Software GmbH","publisher":{"@id":"https:\/\/stssoftware.ch\/#organization"},"potentialAction":[{"@type":"SearchAction","target":{"@type":"EntryPoint","urlTemplate":"https:\/\/stssoftware.ch\/?s={search_term_string}"},"query-input":"required name=search_term_string"}],"inLanguage":"de-DE"},{"@type":"Organization","@id":"https:\/\/stssoftware.ch\/#organization","name":"STS Software GmbH","url":"https:\/\/stssoftware.ch\/","logo":{"@type":"ImageObject","inLanguage":"de-DE","@id":"https:\/\/stssoftware.ch\/#\/schema\/logo\/image\/","url":"https:\/\/stssoftware.ch\/wp-content\/uploads\/2022\/06\/Logo_software_Gmbh.svg","contentUrl":"https:\/\/stssoftware.ch\/wp-content\/uploads\/2022\/06\/Logo_software_Gmbh.svg","width":167,"height":50,"caption":"STS Software GmbH"},"image":{"@id":"https:\/\/stssoftware.ch\/#\/schema\/logo\/image\/"}}]}},"_links":{"self":[{"href":"https:\/\/stssoftware.ch\/de\/wp-json\/wp\/v2\/pages\/8354"}],"collection":[{"href":"https:\/\/stssoftware.ch\/de\/wp-json\/wp\/v2\/pages"}],"about":[{"href":"https:\/\/stssoftware.ch\/de\/wp-json\/wp\/v2\/types\/page"}],"author":[{"embeddable":true,"href":"https:\/\/stssoftware.ch\/de\/wp-json\/wp\/v2\/users\/1"}],"replies":[{"embeddable":true,"href":"https:\/\/stssoftware.ch\/de\/wp-json\/wp\/v2\/comments?post=8354"}],"version-history":[{"count":4,"href":"https:\/\/stssoftware.ch\/de\/wp-json\/wp\/v2\/pages\/8354\/revisions"}],"predecessor-version":[{"id":8370,"href":"https:\/\/stssoftware.ch\/de\/wp-json\/wp\/v2\/pages\/8354\/revisions\/8370"}],"up":[{"embeddable":true,"href":"https:\/\/stssoftware.ch\/de\/wp-json\/wp\/v2\/pages\/7068"}],"wp:attachment":[{"href":"https:\/\/stssoftware.ch\/de\/wp-json\/wp\/v2\/media?parent=8354"}],"curies":[{"name":"wp","href":"https:\/\/api.w.org\/{rel}","templated":true}]}}