{"id":8347,"date":"2023-12-28T09:23:37","date_gmt":"2023-12-28T09:23:37","guid":{"rendered":"https:\/\/stssoftware.ch\/case-studies\/ki-und-ml\/"},"modified":"2024-09-11T02:41:35","modified_gmt":"2024-09-11T02:41:35","slug":"ki-und-ml","status":"publish","type":"page","link":"https:\/\/stssoftware.ch\/de\/case-studies\/ki-und-ml\/","title":{"rendered":"KI und ML"},"content":{"rendered":"\t\t<div data-elementor-type=\"wp-page\" data-elementor-id=\"8347\" class=\"elementor elementor-8347 elementor-3781\" data-elementor-post-type=\"page\">\n\t\t\t\t\t\t<section class=\"elementor-section elementor-top-section elementor-element elementor-element-3727ad1a elementor-section-full_width elementor-section-height-default elementor-section-height-default\" data-id=\"3727ad1a\" data-element_type=\"section\" data-e-type=\"section\">\n\t\t\t\t\t\t<div class=\"elementor-container elementor-column-gap-default\">\n\t\t\t\t\t<div class=\"elementor-column elementor-col-50 elementor-top-column elementor-element elementor-element-3a34203e\" data-id=\"3a34203e\" data-element_type=\"column\" data-e-type=\"column\">\n\t\t\t<div class=\"elementor-widget-wrap elementor-element-populated\">\n\t\t\t\t\t\t<div class=\"elementor-element elementor-element-10555a44 elementor-widget elementor-widget-heading\" data-id=\"10555a44\" data-element_type=\"widget\" data-e-type=\"widget\" data-widget_type=\"heading.default\">\n\t\t\t\t<div class=\"elementor-widget-container\">\n\t\t\t\t\t<h2 class=\"elementor-heading-title elementor-size-default\"><div>KI und ML <\/div><\/h2>\t\t\t\t<\/div>\n\t\t\t\t<\/div>\n\t\t\t\t<div class=\"elementor-element elementor-element-43b869ba elementor-widget elementor-widget-text-editor\" data-id=\"43b869ba\" data-element_type=\"widget\" data-e-type=\"widget\" data-widget_type=\"text-editor.default\">\n\t\t\t\t<div class=\"elementor-widget-container\">\n\t\t\t\t\t\t\t\t\t<p>Entdecken Sie, wie die STS Software GmbH die Leistungsf\u00e4higkeit von <a href=\"https:\/\/stssoftware.ch\/services\/ai-development\/\">k\u00fcnstlicher Intelligenz<\/a> und <a href=\"https:\/\/stssoftware.ch\/services\/machine-learning-development\/\">maschinellem Lernen<\/a> genutzt hat, um Innovationen voranzutreiben und komplexe gesch\u00e4ftliche Herausforderungen zu l\u00f6sen. Unsere Fallstudien zeigen, wie wir intelligente L\u00f6sungen entwickelt haben, die Prozesse automatisieren, die Entscheidungsfindung verbessern und wertvolle Erkenntnisse liefern. Entdecken Sie Beispiele aus der Praxis, wie unsere KI- und ML-Expertise Branchen ver\u00e4ndert und einen Wettbewerbsvorteil in der Schweiz und in Deutschland geschaffen hat.  <\/p>\n\t\t\t\t\t\t\t\t<\/div>\n\t\t\t\t<\/div>\n\t\t\t\t\t<\/div>\n\t\t<\/div>\n\t\t\t\t<div class=\"elementor-column elementor-col-50 elementor-top-column elementor-element elementor-element-2a342b26\" data-id=\"2a342b26\" data-element_type=\"column\" data-e-type=\"column\">\n\t\t\t<div class=\"elementor-widget-wrap elementor-element-populated\">\n\t\t\t\t\t\t<div class=\"elementor-element elementor-element-b557bbc elementor-widget__width-initial elementor-widget elementor-widget-image\" data-id=\"b557bbc\" data-element_type=\"widget\" data-e-type=\"widget\" data-widget_type=\"image.default\">\n\t\t\t\t<div class=\"elementor-widget-container\">\n\t\t\t\t\t\t\t\t\t\t\t\t\t\t\t<img fetchpriority=\"high\" decoding=\"async\" width=\"500\" height=\"503\" src=\"https:\/\/stssoftware.ch\/wp-content\/uploads\/2022\/10\/Image.png\" class=\"attachment-large size-large wp-image-2792\" alt=\"image\" srcset=\"https:\/\/stssoftware.ch\/wp-content\/uploads\/2022\/10\/Image.png 500w, https:\/\/stssoftware.ch\/wp-content\/uploads\/2022\/10\/Image-298x300.png 298w, https:\/\/stssoftware.ch\/wp-content\/uploads\/2022\/10\/Image-150x150.png 150w, https:\/\/stssoftware.ch\/wp-content\/uploads\/2022\/10\/Image-24x24.png 24w, https:\/\/stssoftware.ch\/wp-content\/uploads\/2022\/10\/Image-36x36.png 36w, https:\/\/stssoftware.ch\/wp-content\/uploads\/2022\/10\/Image-48x48.png 48w\" sizes=\"(max-width: 500px) 100vw, 500px\" \/>\t\t\t\t\t\t\t\t\t\t\t\t\t\t\t<\/div>\n\t\t\t\t<\/div>\n\t\t\t\t\t<\/div>\n\t\t<\/div>\n\t\t\t\t\t<\/div>\n\t\t<\/section>\n\t\t<div class=\"elementor-element elementor-element-2cc3c8ce e-flex e-con-boxed e-con e-parent\" data-id=\"2cc3c8ce\" data-element_type=\"container\" data-e-type=\"container\">\n\t\t\t\t\t<div class=\"e-con-inner\">\n\t\t\t\t<div class=\"elementor-element elementor-element-7846ebbb elementor-widget elementor-widget-html\" data-id=\"7846ebbb\" data-element_type=\"widget\" data-e-type=\"widget\" data-widget_type=\"html.default\">\n\t\t\t\t<div class=\"elementor-widget-container\">\n\t\t\t\t\t<div class=\"cases\">\n                                    <div class=\"case-item\">\n                                        <a href=\"\/de\/case-studies\/\"> Alle <\/a>\n                                    <\/div>\n\n                                    <div class=\"case-item\">\n                                        <a href=\"\/de\/case-studies\/web-app-entwicklung\/\"> Web-App-Entwicklung <\/a>\n                                    <\/div>\n                                    <div class=\"case-item\">\n                                        <a href=\"\/de\/case-studies\/mobile-app-entwicklung\/\"> Mobile App-Entwicklung <\/a>\n                                    <\/div>\n                                    <div class=\"case-item\">\n                                        <a href=\"\/de\/case-studies\/offshore-softwareentwicklung\/\"> Offshore-Softwareentwicklung <\/a>\n                                    <\/div>\n                                    <div class=\"case-item\">\n                                        <a href=\"\/de\/case-studies\/ui-ux-design\/\"> UI\/UX Design <\/a>\n                                    <\/div>\n                                    <div class=\"case-item\" id=\"active\">\n                                        <a href=\"\/de\/case-studies\/ki-und-ml\/\"> KI und ML <\/a>\n                                    <\/div>\n                                    <div class=\"case-item\">\n                                        <a href=\"\/de\/case-studies\/saas-losungsentwicklung\/\"> SaaS-L\u00f6sungsentwicklung <\/a>\n                                    <\/div>\n<\/div>\t\t\t\t<\/div>\n\t\t\t\t<\/div>\n\t\t\t\t\t<\/div>\n\t\t\t\t<\/div>\n\t\t<div class=\"elementor-element elementor-element-2ab9057e e-flex e-con-boxed e-con e-parent\" data-id=\"2ab9057e\" data-element_type=\"container\" data-e-type=\"container\">\n\t\t\t\t\t<div class=\"e-con-inner\">\n\t\t\t\t<div class=\"elementor-element elementor-element-44e4cab1 elementor-grid-1 elementor-widget__width-inherit elementor-posts--thumbnail-top elementor-grid-tablet-2 elementor-grid-mobile-1 elementor-widget elementor-widget-posts\" data-id=\"44e4cab1\" data-element_type=\"widget\" data-e-type=\"widget\" data-settings=\"{&quot;custom_columns&quot;:&quot;1&quot;,&quot;custom_columns_tablet&quot;:&quot;2&quot;,&quot;custom_columns_mobile&quot;:&quot;1&quot;,&quot;custom_row_gap&quot;:{&quot;unit&quot;:&quot;px&quot;,&quot;size&quot;:35,&quot;sizes&quot;:[]},&quot;custom_row_gap_tablet&quot;:{&quot;unit&quot;:&quot;px&quot;,&quot;size&quot;:&quot;&quot;,&quot;sizes&quot;:[]},&quot;custom_row_gap_mobile&quot;:{&quot;unit&quot;:&quot;px&quot;,&quot;size&quot;:&quot;&quot;,&quot;sizes&quot;:[]}}\" data-widget_type=\"posts.custom\">\n\t\t\t\t<div class=\"elementor-widget-container\">\n\t\t\t\t\t      <div class=\"ecs-posts elementor-posts-container elementor-posts   elementor-grid elementor-posts--skin-custom\" data-settings=\"{&quot;current_page&quot;:1,&quot;max_num_pages&quot;:0,&quot;load_method&quot;:&quot;&quot;,&quot;widget_id&quot;:&quot;44e4cab1&quot;,&quot;post_id&quot;:8347,&quot;theme_id&quot;:8347,&quot;change_url&quot;:false,&quot;reinit_js&quot;:false}\">\n      <div class=\"elementor-posts-nothing-found\"><\/div>\t\t<\/div>\n\t\t\t\t\t\t<\/div>\n\t\t\t\t<\/div>\n\t\t\t\t\t<\/div>\n\t\t\t\t<\/div>\n\t\t<div class=\"elementor-element elementor-element-294069b1 e-flex e-con-boxed e-con e-parent\" data-id=\"294069b1\" data-element_type=\"container\" data-e-type=\"container\">\n\t\t\t\t\t<div class=\"e-con-inner\">\n\t\t\t\t<div class=\"elementor-element elementor-element-31becc58 elementor-grid-2 elementor-widget__width-initial elementor-posts--thumbnail-top elementor-grid-tablet-2 elementor-grid-mobile-1 elementor-widget elementor-widget-posts\" data-id=\"31becc58\" data-element_type=\"widget\" data-e-type=\"widget\" data-settings=\"{&quot;custom_columns&quot;:&quot;2&quot;,&quot;custom_columns_tablet&quot;:&quot;2&quot;,&quot;custom_columns_mobile&quot;:&quot;1&quot;,&quot;custom_row_gap&quot;:{&quot;unit&quot;:&quot;px&quot;,&quot;size&quot;:35,&quot;sizes&quot;:[]},&quot;custom_row_gap_tablet&quot;:{&quot;unit&quot;:&quot;px&quot;,&quot;size&quot;:&quot;&quot;,&quot;sizes&quot;:[]},&quot;custom_row_gap_mobile&quot;:{&quot;unit&quot;:&quot;px&quot;,&quot;size&quot;:&quot;&quot;,&quot;sizes&quot;:[]}}\" data-widget_type=\"posts.custom\">\n\t\t\t\t<div class=\"elementor-widget-container\">\n\t\t\t\t\t      <div class=\"ecs-posts elementor-posts-container elementor-posts   elementor-grid elementor-posts--skin-custom\" data-settings=\"{&quot;current_page&quot;:1,&quot;max_num_pages&quot;:0,&quot;load_method&quot;:&quot;loadmore&quot;,&quot;widget_id&quot;:&quot;31becc58&quot;,&quot;post_id&quot;:8347,&quot;theme_id&quot;:8347,&quot;change_url&quot;:false,&quot;reinit_js&quot;:false}\">\n      <div class=\"elementor-posts-nothing-found\"><\/div>\t\t<\/div>\n\t\t\t\t\t\t<\/div>\n\t\t\t\t<\/div>\n\t\t\t\t\t<\/div>\n\t\t\t\t<\/div>\n\t\t\t\t<section class=\"elementor-section elementor-top-section elementor-element elementor-element-6129aba6 elementor-section-boxed elementor-section-height-default elementor-section-height-default\" data-id=\"6129aba6\" data-element_type=\"section\" data-e-type=\"section\">\n\t\t\t\t\t\t<div class=\"elementor-container elementor-column-gap-default\">\n\t\t\t\t\t<div class=\"elementor-column elementor-col-100 elementor-top-column elementor-element elementor-element-11e96b0f\" data-id=\"11e96b0f\" data-element_type=\"column\" data-e-type=\"column\">\n\t\t\t<div class=\"elementor-widget-wrap elementor-element-populated\">\n\t\t\t\t\t\t<div class=\"elementor-element elementor-element-63e1a88d elementor-widget elementor-widget-shortcode\" data-id=\"63e1a88d\" data-element_type=\"widget\" data-e-type=\"widget\" data-widget_type=\"shortcode.default\">\n\t\t\t\t<div class=\"elementor-widget-container\">\n\t\t\t\t\t\t\t<div class=\"elementor-shortcode\">\t\t<div data-elementor-type=\"page\" data-elementor-id=\"4795\" class=\"elementor elementor-4795 elementor-632 elementor-632\" data-elementor-post-type=\"elementor_library\">\n\t\t\t\t\t\t<section class=\"elementor-section elementor-top-section elementor-element elementor-element-45ba9f0 elementor-section-content-middle elementor-section-boxed elementor-section-height-default elementor-section-height-default\" data-id=\"45ba9f0\" data-element_type=\"section\" data-e-type=\"section\">\n\t\t\t\t\t\t<div class=\"elementor-container elementor-column-gap-no\">\n\t\t\t\t\t<div class=\"elementor-column elementor-col-50 elementor-top-column elementor-element elementor-element-6fa2a1d\" data-id=\"6fa2a1d\" data-element_type=\"column\" data-e-type=\"column\" data-settings=\"{&quot;background_background&quot;:&quot;classic&quot;}\">\n\t\t\t<div class=\"elementor-widget-wrap elementor-element-populated\">\n\t\t\t\t\t\t<div class=\"elementor-element elementor-element-d294538 elementor-widget elementor-widget-heading\" data-id=\"d294538\" data-element_type=\"widget\" data-e-type=\"widget\" data-widget_type=\"heading.default\">\n\t\t\t\t<div class=\"elementor-widget-container\">\n\t\t\t\t\t<h2 class=\"elementor-heading-title elementor-size-default\">Lassen Sie uns reden<\/h2>\t\t\t\t<\/div>\n\t\t\t\t<\/div>\n\t\t\t\t<div class=\"elementor-element elementor-element-e50a103 elementor-widget elementor-widget-text-editor\" data-id=\"e50a103\" data-element_type=\"widget\" data-e-type=\"widget\" data-widget_type=\"text-editor.default\">\n\t\t\t\t<div class=\"elementor-widget-container\">\n\t\t\t\t\t\t\t\t\t<p>Beginnen Sie die Konversation mit unseren Analysten und Entwicklern. Zusammen erheben wir die Bed\u00fcrfnisse und skizzieren die neue L\u00f6sung<\/p>\n\t\t\t\t\t\t\t\t<\/div>\n\t\t\t\t<\/div>\n\t\t\t\t<div class=\"elementor-element elementor-element-c670f53 elementor-widget elementor-widget-button\" data-id=\"c670f53\" data-element_type=\"widget\" data-e-type=\"widget\" data-widget_type=\"button.default\">\n\t\t\t\t<div class=\"elementor-widget-container\">\n\t\t\t\t\t\t\t\t\t<div class=\"elementor-button-wrapper\">\n\t\t\t\t\t<a class=\"elementor-button elementor-button-link elementor-size-sm\" href=\"https:\/\/stssoftware.ch\/contact\/\">\n\t\t\t\t\t\t<span class=\"elementor-button-content-wrapper\">\n\t\t\t\t\t\t\t\t\t<span class=\"elementor-button-text\">Nehmen Sie Kontakt mit unseren Experten auf<\/span>\n\t\t\t\t\t<\/span>\n\t\t\t\t\t<\/a>\n\t\t\t\t<\/div>\n\t\t\t\t\t\t\t\t<\/div>\n\t\t\t\t<\/div>\n\t\t\t\t\t<\/div>\n\t\t<\/div>\n\t\t\t\t<div class=\"elementor-column elementor-col-50 elementor-top-column elementor-element elementor-element-2f29920 img-let-talk\" data-id=\"2f29920\" data-element_type=\"column\" data-e-type=\"column\" data-settings=\"{&quot;background_background&quot;:&quot;classic&quot;}\">\n\t\t\t<div class=\"elementor-widget-wrap\">\n\t\t\t\t\t\t\t<\/div>\n\t\t<\/div>\n\t\t\t\t\t<\/div>\n\t\t<\/section>\n\t\t\t\t<\/div>\n\t\t<\/div>\n\t\t\t\t\t\t<\/div>\n\t\t\t\t<\/div>\n\t\t\t\t\t<\/div>\n\t\t<\/div>\n\t\t\t\t\t<\/div>\n\t\t<\/section>\n\t\t\t\t<\/div>\n\t\t","protected":false},"excerpt":{"rendered":"<p>KI und ML Entdecken Sie, wie die STS Software GmbH die Leistungsf\u00e4higkeit von k\u00fcnstlicher Intelligenz und maschinellem Lernen genutzt hat, um Innovationen voranzutreiben und komplexe gesch\u00e4ftliche Herausforderungen zu l\u00f6sen. Unsere Fallstudien zeigen, wie wir intelligente L\u00f6sungen entwickelt haben, die Prozesse automatisieren, die Entscheidungsfindung verbessern und wertvolle Erkenntnisse liefern. Entdecken Sie Beispiele aus der Praxis, wie [&hellip;]<\/p>\n","protected":false},"author":2,"featured_media":0,"parent":7068,"menu_order":0,"comment_status":"closed","ping_status":"closed","template":"","meta":{"inline_featured_image":false,"footnotes":""},"class_list":["post-8347","page","type-page","status-publish","hentry"],"yoast_head":"<!-- This site is optimized with the Yoast SEO plugin v27.3 - https:\/\/yoast.com\/product\/yoast-seo-wordpress\/ -->\n<title>KI und ML - STS Software GmbH<\/title>\n<meta name=\"robots\" content=\"index, follow, max-snippet:-1, max-image-preview:large, max-video-preview:-1\" \/>\n<link rel=\"canonical\" href=\"https:\/\/stssoftware.ch\/de\/case-studies\/ki-und-ml\/\" \/>\n<meta property=\"og:locale\" content=\"de_DE\" \/>\n<meta property=\"og:type\" content=\"article\" \/>\n<meta property=\"og:title\" content=\"KI und ML - STS Software GmbH\" \/>\n<meta property=\"og:description\" content=\"KI und ML Entdecken Sie, wie die STS Software GmbH die Leistungsf\u00e4higkeit von k\u00fcnstlicher Intelligenz und maschinellem Lernen genutzt hat, um Innovationen voranzutreiben und komplexe gesch\u00e4ftliche Herausforderungen zu l\u00f6sen. Unsere Fallstudien zeigen, wie wir intelligente L\u00f6sungen entwickelt haben, die Prozesse automatisieren, die Entscheidungsfindung verbessern und wertvolle Erkenntnisse liefern. Entdecken Sie Beispiele aus der Praxis, wie [&hellip;]\" \/>\n<meta property=\"og:url\" content=\"https:\/\/stssoftware.ch\/de\/case-studies\/ki-und-ml\/\" \/>\n<meta property=\"og:site_name\" content=\"STS Software GmbH\" \/>\n<meta property=\"article:modified_time\" content=\"2024-09-11T02:41:35+00:00\" \/>\n<meta property=\"og:image\" content=\"http:\/\/stssoftware.ch\/wp-content\/uploads\/2022\/10\/Image.png\" \/>\n<meta name=\"twitter:card\" content=\"summary_large_image\" \/>\n<meta name=\"twitter:label1\" content=\"Est. reading time\" \/>\n\t<meta name=\"twitter:data1\" content=\"15 Minuten\" \/>\n<script type=\"application\/ld+json\" class=\"yoast-schema-graph\">{\"@context\":\"https:\\\/\\\/schema.org\",\"@graph\":[{\"@type\":\"WebPage\",\"@id\":\"https:\\\/\\\/stssoftware.ch\\\/de\\\/case-studies\\\/ki-und-ml\\\/\",\"url\":\"https:\\\/\\\/stssoftware.ch\\\/de\\\/case-studies\\\/ki-und-ml\\\/\",\"name\":\"KI und ML - STS Software GmbH\",\"isPartOf\":{\"@id\":\"https:\\\/\\\/stssoftware.ch\\\/#website\"},\"primaryImageOfPage\":{\"@id\":\"https:\\\/\\\/stssoftware.ch\\\/de\\\/case-studies\\\/ki-und-ml\\\/#primaryimage\"},\"image\":{\"@id\":\"https:\\\/\\\/stssoftware.ch\\\/de\\\/case-studies\\\/ki-und-ml\\\/#primaryimage\"},\"thumbnailUrl\":\"http:\\\/\\\/stssoftware.ch\\\/wp-content\\\/uploads\\\/2022\\\/10\\\/Image.png\",\"datePublished\":\"2023-12-28T09:23:37+00:00\",\"dateModified\":\"2024-09-11T02:41:35+00:00\",\"breadcrumb\":{\"@id\":\"https:\\\/\\\/stssoftware.ch\\\/de\\\/case-studies\\\/ki-und-ml\\\/#breadcrumb\"},\"inLanguage\":\"de-DE\",\"potentialAction\":[{\"@type\":\"ReadAction\",\"target\":[\"https:\\\/\\\/stssoftware.ch\\\/de\\\/case-studies\\\/ki-und-ml\\\/\"]}]},{\"@type\":\"ImageObject\",\"inLanguage\":\"de-DE\",\"@id\":\"https:\\\/\\\/stssoftware.ch\\\/de\\\/case-studies\\\/ki-und-ml\\\/#primaryimage\",\"url\":\"http:\\\/\\\/stssoftware.ch\\\/wp-content\\\/uploads\\\/2022\\\/10\\\/Image.png\",\"contentUrl\":\"http:\\\/\\\/stssoftware.ch\\\/wp-content\\\/uploads\\\/2022\\\/10\\\/Image.png\"},{\"@type\":\"BreadcrumbList\",\"@id\":\"https:\\\/\\\/stssoftware.ch\\\/de\\\/case-studies\\\/ki-und-ml\\\/#breadcrumb\",\"itemListElement\":[{\"@type\":\"ListItem\",\"position\":1,\"name\":\"Home\",\"item\":\"https:\\\/\\\/stssoftware.ch\\\/de\\\/\"},{\"@type\":\"ListItem\",\"position\":2,\"name\":\"Case Studies\",\"item\":\"https:\\\/\\\/stssoftware.ch\\\/de\\\/case-studies\\\/\"},{\"@type\":\"ListItem\",\"position\":3,\"name\":\"KI und ML\"}]},{\"@type\":\"WebSite\",\"@id\":\"https:\\\/\\\/stssoftware.ch\\\/#website\",\"url\":\"https:\\\/\\\/stssoftware.ch\\\/\",\"name\":\"STS Software GmbH\",\"description\":\"Innovative Software Development Company in Switzerland - STS Software GmbH\",\"publisher\":{\"@id\":\"https:\\\/\\\/stssoftware.ch\\\/#organization\"},\"potentialAction\":[{\"@type\":\"SearchAction\",\"target\":{\"@type\":\"EntryPoint\",\"urlTemplate\":\"https:\\\/\\\/stssoftware.ch\\\/?s={search_term_string}\"},\"query-input\":{\"@type\":\"PropertyValueSpecification\",\"valueRequired\":true,\"valueName\":\"search_term_string\"}}],\"inLanguage\":\"de-DE\"},{\"@type\":\"Organization\",\"@id\":\"https:\\\/\\\/stssoftware.ch\\\/#organization\",\"name\":\"STS Software GmbH\",\"url\":\"https:\\\/\\\/stssoftware.ch\\\/\",\"logo\":{\"@type\":\"ImageObject\",\"inLanguage\":\"de-DE\",\"@id\":\"https:\\\/\\\/stssoftware.ch\\\/#\\\/schema\\\/logo\\\/image\\\/\",\"url\":\"https:\\\/\\\/stssoftware.ch\\\/wp-content\\\/uploads\\\/2022\\\/06\\\/Logo_software_Gmbh.svg\",\"contentUrl\":\"https:\\\/\\\/stssoftware.ch\\\/wp-content\\\/uploads\\\/2022\\\/06\\\/Logo_software_Gmbh.svg\",\"width\":167,\"height\":50,\"caption\":\"STS Software GmbH\"},\"image\":{\"@id\":\"https:\\\/\\\/stssoftware.ch\\\/#\\\/schema\\\/logo\\\/image\\\/\"}}]}<\/script>\n<!-- \/ Yoast SEO plugin. -->","yoast_head_json":{"title":"KI und ML - STS Software GmbH","robots":{"index":"index","follow":"follow","max-snippet":"max-snippet:-1","max-image-preview":"max-image-preview:large","max-video-preview":"max-video-preview:-1"},"canonical":"https:\/\/stssoftware.ch\/de\/case-studies\/ki-und-ml\/","og_locale":"de_DE","og_type":"article","og_title":"KI und ML - STS Software GmbH","og_description":"KI und ML Entdecken Sie, wie die STS Software GmbH die Leistungsf\u00e4higkeit von k\u00fcnstlicher Intelligenz und maschinellem Lernen genutzt hat, um Innovationen voranzutreiben und komplexe gesch\u00e4ftliche Herausforderungen zu l\u00f6sen. Unsere Fallstudien zeigen, wie wir intelligente L\u00f6sungen entwickelt haben, die Prozesse automatisieren, die Entscheidungsfindung verbessern und wertvolle Erkenntnisse liefern. Entdecken Sie Beispiele aus der Praxis, wie [&hellip;]","og_url":"https:\/\/stssoftware.ch\/de\/case-studies\/ki-und-ml\/","og_site_name":"STS Software GmbH","article_modified_time":"2024-09-11T02:41:35+00:00","og_image":[{"url":"http:\/\/stssoftware.ch\/wp-content\/uploads\/2022\/10\/Image.png","type":"","width":"","height":""}],"twitter_card":"summary_large_image","twitter_misc":{"Est. reading time":"15 Minuten"},"schema":{"@context":"https:\/\/schema.org","@graph":[{"@type":"WebPage","@id":"https:\/\/stssoftware.ch\/de\/case-studies\/ki-und-ml\/","url":"https:\/\/stssoftware.ch\/de\/case-studies\/ki-und-ml\/","name":"KI und ML - STS Software GmbH","isPartOf":{"@id":"https:\/\/stssoftware.ch\/#website"},"primaryImageOfPage":{"@id":"https:\/\/stssoftware.ch\/de\/case-studies\/ki-und-ml\/#primaryimage"},"image":{"@id":"https:\/\/stssoftware.ch\/de\/case-studies\/ki-und-ml\/#primaryimage"},"thumbnailUrl":"http:\/\/stssoftware.ch\/wp-content\/uploads\/2022\/10\/Image.png","datePublished":"2023-12-28T09:23:37+00:00","dateModified":"2024-09-11T02:41:35+00:00","breadcrumb":{"@id":"https:\/\/stssoftware.ch\/de\/case-studies\/ki-und-ml\/#breadcrumb"},"inLanguage":"de-DE","potentialAction":[{"@type":"ReadAction","target":["https:\/\/stssoftware.ch\/de\/case-studies\/ki-und-ml\/"]}]},{"@type":"ImageObject","inLanguage":"de-DE","@id":"https:\/\/stssoftware.ch\/de\/case-studies\/ki-und-ml\/#primaryimage","url":"http:\/\/stssoftware.ch\/wp-content\/uploads\/2022\/10\/Image.png","contentUrl":"http:\/\/stssoftware.ch\/wp-content\/uploads\/2022\/10\/Image.png"},{"@type":"BreadcrumbList","@id":"https:\/\/stssoftware.ch\/de\/case-studies\/ki-und-ml\/#breadcrumb","itemListElement":[{"@type":"ListItem","position":1,"name":"Home","item":"https:\/\/stssoftware.ch\/de\/"},{"@type":"ListItem","position":2,"name":"Case Studies","item":"https:\/\/stssoftware.ch\/de\/case-studies\/"},{"@type":"ListItem","position":3,"name":"KI und ML"}]},{"@type":"WebSite","@id":"https:\/\/stssoftware.ch\/#website","url":"https:\/\/stssoftware.ch\/","name":"STS Software GmbH","description":"Innovative Software Development Company in Switzerland - STS Software GmbH","publisher":{"@id":"https:\/\/stssoftware.ch\/#organization"},"potentialAction":[{"@type":"SearchAction","target":{"@type":"EntryPoint","urlTemplate":"https:\/\/stssoftware.ch\/?s={search_term_string}"},"query-input":{"@type":"PropertyValueSpecification","valueRequired":true,"valueName":"search_term_string"}}],"inLanguage":"de-DE"},{"@type":"Organization","@id":"https:\/\/stssoftware.ch\/#organization","name":"STS Software GmbH","url":"https:\/\/stssoftware.ch\/","logo":{"@type":"ImageObject","inLanguage":"de-DE","@id":"https:\/\/stssoftware.ch\/#\/schema\/logo\/image\/","url":"https:\/\/stssoftware.ch\/wp-content\/uploads\/2022\/06\/Logo_software_Gmbh.svg","contentUrl":"https:\/\/stssoftware.ch\/wp-content\/uploads\/2022\/06\/Logo_software_Gmbh.svg","width":167,"height":50,"caption":"STS Software GmbH"},"image":{"@id":"https:\/\/stssoftware.ch\/#\/schema\/logo\/image\/"}}]}},"_links":{"self":[{"href":"https:\/\/stssoftware.ch\/de\/wp-json\/wp\/v2\/pages\/8347","targetHints":{"allow":["GET"]}}],"collection":[{"href":"https:\/\/stssoftware.ch\/de\/wp-json\/wp\/v2\/pages"}],"about":[{"href":"https:\/\/stssoftware.ch\/de\/wp-json\/wp\/v2\/types\/page"}],"author":[{"embeddable":true,"href":"https:\/\/stssoftware.ch\/de\/wp-json\/wp\/v2\/users\/2"}],"replies":[{"embeddable":true,"href":"https:\/\/stssoftware.ch\/de\/wp-json\/wp\/v2\/comments?post=8347"}],"version-history":[{"count":4,"href":"https:\/\/stssoftware.ch\/de\/wp-json\/wp\/v2\/pages\/8347\/revisions"}],"predecessor-version":[{"id":8379,"href":"https:\/\/stssoftware.ch\/de\/wp-json\/wp\/v2\/pages\/8347\/revisions\/8379"}],"up":[{"embeddable":true,"href":"https:\/\/stssoftware.ch\/de\/wp-json\/wp\/v2\/pages\/7068"}],"wp:attachment":[{"href":"https:\/\/stssoftware.ch\/de\/wp-json\/wp\/v2\/media?parent=8347"}],"curies":[{"name":"wp","href":"https:\/\/api.w.org\/{rel}","templated":true}]}}